{"id":2071,"date":"2024-03-27T10:08:54","date_gmt":"2024-03-27T09:08:54","guid":{"rendered":"https:\/\/palms.hr\/destinations\/"},"modified":"2024-04-11T13:31:12","modified_gmt":"2024-04-11T11:31:12","slug":"destinacija","status":"publish","type":"page","link":"https:\/\/palms.hr\/hr\/destinacija\/","title":{"rendered":"Destinacija"},"content":{"rendered":"\t\t<div data-elementor-type=\"wp-page\" data-elementor-id=\"2071\" class=\"elementor elementor-2071 elementor-23\" data-elementor-post-type=\"page\">\n\t\t\t\t<div class=\"elementor-element elementor-element-62efa5bf e-flex e-con-boxed e-con e-parent\" data-id=\"62efa5bf\" data-element_type=\"container\" data-settings=\"{&quot;background_background&quot;:&quot;classic&quot;}\" data-core-v316-plus=\"true\">\n\t\t\t\t\t<div class=\"e-con-inner\">\n\t\t<div class=\"elementor-element elementor-element-3ec8506e e-flex e-con-boxed e-con e-child\" data-id=\"3ec8506e\" data-element_type=\"container\" data-settings=\"{&quot;background_background&quot;:&quot;classic&quot;}\" data-e-bg-lazyload=\"\">\n\t\t\t\t\t<div class=\"e-con-inner\">\n\t\t\t\t\t<\/div>\n\t\t\t\t<\/div>\n\t\t\t\t\t<\/div>\n\t\t\t\t<\/div>\n\t\t<div class=\"elementor-element elementor-element-730f3b30 e-flex e-con-boxed e-con e-parent\" data-id=\"730f3b30\" data-element_type=\"container\" data-settings=\"{&quot;background_background&quot;:&quot;classic&quot;}\" data-core-v316-plus=\"true\">\n\t\t\t\t\t<div class=\"e-con-inner\">\n\t\t<div class=\"elementor-element elementor-element-6d277c47 e-flex e-con-boxed e-con e-child\" data-id=\"6d277c47\" data-element_type=\"container\" data-settings=\"{&quot;background_background&quot;:&quot;classic&quot;}\">\n\t\t\t\t\t<div class=\"e-con-inner\">\n\t\t\t\t<div class=\"elementor-element elementor-element-724739b7 elementor-widget elementor-widget-heading\" data-id=\"724739b7\" data-element_type=\"widget\" data-widget_type=\"heading.default\">\n\t\t\t\t<div class=\"elementor-widget-container\">\n\t\t\t<style>\/*! elementor - v3.20.0 - 26-03-2024 *\/\n.elementor-heading-title{padding:0;margin:0;line-height:1}.elementor-widget-heading .elementor-heading-title[class*=elementor-size-]>a{color:inherit;font-size:inherit;line-height:inherit}.elementor-widget-heading .elementor-heading-title.elementor-size-small{font-size:15px}.elementor-widget-heading .elementor-heading-title.elementor-size-medium{font-size:19px}.elementor-widget-heading .elementor-heading-title.elementor-size-large{font-size:29px}.elementor-widget-heading .elementor-heading-title.elementor-size-xl{font-size:39px}.elementor-widget-heading .elementor-heading-title.elementor-size-xxl{font-size:59px}<\/style><h1 class=\"elementor-heading-title elementor-size-default\">Destinacija<\/h1>\t\t<\/div>\n\t\t\t\t<\/div>\n\t\t\t\t<div class=\"elementor-element elementor-element-77bf18b2 elementor-widget elementor-widget-text-editor\" data-id=\"77bf18b2\" data-element_type=\"widget\" data-widget_type=\"text-editor.default\">\n\t\t\t\t<div class=\"elementor-widget-container\">\n\t\t\t<style>\/*! elementor - v3.20.0 - 26-03-2024 *\/\n.elementor-widget-text-editor.elementor-drop-cap-view-stacked .elementor-drop-cap{background-color:#69727d;color:#fff}.elementor-widget-text-editor.elementor-drop-cap-view-framed .elementor-drop-cap{color:#69727d;border:3px solid;background-color:transparent}.elementor-widget-text-editor:not(.elementor-drop-cap-view-default) .elementor-drop-cap{margin-top:8px}.elementor-widget-text-editor:not(.elementor-drop-cap-view-default) .elementor-drop-cap-letter{width:1em;height:1em}.elementor-widget-text-editor .elementor-drop-cap{float:left;text-align:center;line-height:1;font-size:50px}.elementor-widget-text-editor .elementor-drop-cap-letter{display:inline-block}<\/style>\t\t\t\t<p>Pa\u0161man je prekrasan mali otok u srcu Mediterana koji je sa\u010duvao svu tradiciju i autohton na\u010din \u017eivota. Do\u0111ite i upoznajte mediteransku kulturu i obi\u010daje, zaboravite na svakodnevnicu, ostavite stres i brige i prepustite se svim \u010darima mediteranskog na\u010dina \u017eivota.<\/p>\t\t\t\t\t\t<\/div>\n\t\t\t\t<\/div>\n\t\t\t\t\t<\/div>\n\t\t\t\t<\/div>\n\t\t\t\t\t<\/div>\n\t\t\t\t<\/div>\n\t\t<div class=\"elementor-element elementor-element-78815372 e-flex e-con-boxed e-con e-parent\" data-id=\"78815372\" data-element_type=\"container\" data-core-v316-plus=\"true\">\n\t\t\t\t\t<div class=\"e-con-inner\">\n\t\t<div class=\"elementor-element elementor-element-7435e247 e-con-full e-flex e-con e-child\" data-id=\"7435e247\" data-element_type=\"container\" data-settings=\"{&quot;background_background&quot;:&quot;classic&quot;}\" data-e-bg-lazyload=\"\">\n\t\t\t\t<div class=\"elementor-element elementor-element-246a3b0b elementor-widget elementor-widget-spacer\" data-id=\"246a3b0b\" data-element_type=\"widget\" data-widget_type=\"spacer.default\">\n\t\t\t\t<div class=\"elementor-widget-container\">\n\t\t\t<style>\/*! elementor - v3.20.0 - 26-03-2024 *\/\n.elementor-column .elementor-spacer-inner{height:var(--spacer-size)}.e-con{--container-widget-width:100%}.e-con-inner>.elementor-widget-spacer,.e-con>.elementor-widget-spacer{width:var(--container-widget-width,var(--spacer-size));--align-self:var(--container-widget-align-self,initial);--flex-shrink:0}.e-con-inner>.elementor-widget-spacer>.elementor-widget-container,.e-con>.elementor-widget-spacer>.elementor-widget-container{height:100%;width:100%}.e-con-inner>.elementor-widget-spacer>.elementor-widget-container>.elementor-spacer,.e-con>.elementor-widget-spacer>.elementor-widget-container>.elementor-spacer{height:100%}.e-con-inner>.elementor-widget-spacer>.elementor-widget-container>.elementor-spacer>.elementor-spacer-inner,.e-con>.elementor-widget-spacer>.elementor-widget-container>.elementor-spacer>.elementor-spacer-inner{height:var(--container-widget-height,var(--spacer-size))}.e-con-inner>.elementor-widget-spacer.elementor-widget-empty,.e-con>.elementor-widget-spacer.elementor-widget-empty{position:relative;min-height:22px;min-width:22px}.e-con-inner>.elementor-widget-spacer.elementor-widget-empty .elementor-widget-empty-icon,.e-con>.elementor-widget-spacer.elementor-widget-empty .elementor-widget-empty-icon{position:absolute;top:0;bottom:0;left:0;right:0;margin:auto;padding:0;width:22px;height:22px}<\/style>\t\t<div class=\"elementor-spacer\">\n\t\t\t<div class=\"elementor-spacer-inner\"><\/div>\n\t\t<\/div>\n\t\t\t\t<\/div>\n\t\t\t\t<\/div>\n\t\t\t\t<\/div>\n\t\t<div class=\"elementor-element elementor-element-7d66fda2 e-con-full e-flex e-con e-child\" data-id=\"7d66fda2\" data-element_type=\"container\" data-settings=\"{&quot;background_background&quot;:&quot;classic&quot;}\">\n\t\t\t\t<div class=\"elementor-element elementor-element-20fbfe0f elementor-widget elementor-widget-heading\" data-id=\"20fbfe0f\" data-element_type=\"widget\" data-widget_type=\"heading.default\">\n\t\t\t\t<div class=\"elementor-widget-container\">\n\t\t\t<h3 class=\"elementor-heading-title elementor-size-default\">Pa\u0161man<\/h3>\t\t<\/div>\n\t\t\t\t<\/div>\n\t\t\t\t<div class=\"elementor-element elementor-element-2b7b6188 elementor-widget elementor-widget-text-editor\" data-id=\"2b7b6188\" data-element_type=\"widget\" data-widget_type=\"text-editor.default\">\n\t\t\t\t<div class=\"elementor-widget-container\">\n\t\t\t\t\t\t\t<p>Posjetiti otok Pa\u0161man zna\u010di ostaviti svakodnevnicu na drugoj strani kopna i uroniti u poseban mediteranski svijet. Prekrasan otok okru\u017een \u010distim Jadranskim morem krije premium obiteljski resort savr\u0161en za odmor iz snova. U\u017eivajte u oto\u010dkom \u017eivotu, mirisima mediterana, \u010darima Dalmacije te se prepustite luksuzu koji nudi jedinstveni The Palms resort. S obale se pru\u017ea nezaboravan pogled na brojne otoke i oto\u010di\u0107e koje skrivaju tajne netaknute prirode, a mediteranska klima je razvila bogat biljni i \u017eivotinjski svijet, mnoge vrste ljekovitog i aromati\u010dnog bilja a podmorje \u010duva sve vrste \u0161koljaka i riba hrvatskog Jadrana<\/p>\t\t\t\t\t\t<\/div>\n\t\t\t\t<\/div>\n\t\t\t\t<\/div>\n\t\t\t\t\t<\/div>\n\t\t\t\t<\/div>\n\t\t<div class=\"elementor-element elementor-element-7406f6ed e-flex e-con-boxed e-con e-parent\" data-id=\"7406f6ed\" data-element_type=\"container\" data-core-v316-plus=\"true\">\n\t\t\t\t\t<div class=\"e-con-inner\">\n\t\t<div class=\"elementor-element elementor-element-7325c116 e-con-full e-flex e-con e-child\" data-id=\"7325c116\" data-element_type=\"container\" data-settings=\"{&quot;background_background&quot;:&quot;classic&quot;}\">\n\t\t\t\t<div class=\"elementor-element elementor-element-6ba0e5d1 elementor-widget elementor-widget-heading\" data-id=\"6ba0e5d1\" data-element_type=\"widget\" data-widget_type=\"heading.default\">\n\t\t\t\t<div class=\"elementor-widget-container\">\n\t\t\t<h3 class=\"elementor-heading-title elementor-size-default\">Klima<\/h3>\t\t<\/div>\n\t\t\t\t<\/div>\n\t\t\t\t<div class=\"elementor-element elementor-element-f25cc78 elementor-widget elementor-widget-text-editor\" data-id=\"f25cc78\" data-element_type=\"widget\" data-widget_type=\"text-editor.default\">\n\t\t\t\t<div class=\"elementor-widget-container\">\n\t\t\t\t\t\t\t<p>Otoku Pa\u0161manu da postane turisti\u010dka destinacija uvelike je pomogao geografski polo\u017eaj zbog kojeg ima mediteransku klimu, \u0161to zna\u010di blage zime i prekrasna, topla ljeta i obilje mediteranske vegetacije koja pru\u017ea za\u0161titu od sun\u010devih zraka i jedinstveno iskustvo sinergije mirisa, okusa i boja.<\/p>\t\t\t\t\t\t<\/div>\n\t\t\t\t<\/div>\n\t\t\t\t<\/div>\n\t\t<div class=\"elementor-element elementor-element-1106d89a e-con-full e-flex e-con e-child\" data-id=\"1106d89a\" data-element_type=\"container\" data-settings=\"{&quot;background_background&quot;:&quot;classic&quot;}\" data-e-bg-lazyload=\"\">\n\t\t\t\t<div class=\"elementor-element elementor-element-675e0492 elementor-widget elementor-widget-spacer\" data-id=\"675e0492\" data-element_type=\"widget\" data-widget_type=\"spacer.default\">\n\t\t\t\t<div class=\"elementor-widget-container\">\n\t\t\t\t\t<div class=\"elementor-spacer\">\n\t\t\t<div class=\"elementor-spacer-inner\"><\/div>\n\t\t<\/div>\n\t\t\t\t<\/div>\n\t\t\t\t<\/div>\n\t\t\t\t<\/div>\n\t\t\t\t\t<\/div>\n\t\t\t\t<\/div>\n\t\t<div class=\"elementor-element elementor-element-76790917 e-flex e-con-boxed e-con e-parent\" data-id=\"76790917\" data-element_type=\"container\" data-core-v316-plus=\"true\">\n\t\t\t\t\t<div class=\"e-con-inner\">\n\t\t<div class=\"elementor-element elementor-element-5437dad9 e-con-full e-flex e-con e-child\" data-id=\"5437dad9\" data-element_type=\"container\" data-settings=\"{&quot;background_background&quot;:&quot;classic&quot;}\" data-e-bg-lazyload=\"\">\n\t\t\t\t<div class=\"elementor-element elementor-element-8da1823 elementor-widget elementor-widget-spacer\" data-id=\"8da1823\" data-element_type=\"widget\" data-widget_type=\"spacer.default\">\n\t\t\t\t<div class=\"elementor-widget-container\">\n\t\t\t\t\t<div class=\"elementor-spacer\">\n\t\t\t<div class=\"elementor-spacer-inner\"><\/div>\n\t\t<\/div>\n\t\t\t\t<\/div>\n\t\t\t\t<\/div>\n\t\t\t\t<\/div>\n\t\t<div class=\"elementor-element elementor-element-2af5daad e-con-full e-flex e-con e-child\" data-id=\"2af5daad\" data-element_type=\"container\" data-settings=\"{&quot;background_background&quot;:&quot;classic&quot;}\">\n\t\t\t\t<div class=\"elementor-element elementor-element-3dce3ab elementor-widget elementor-widget-heading\" data-id=\"3dce3ab\" data-element_type=\"widget\" data-widget_type=\"heading.default\">\n\t\t\t\t<div class=\"elementor-widget-container\">\n\t\t\t<h3 class=\"elementor-heading-title elementor-size-default\">Gale\u0161njak<\/h3>\t\t<\/div>\n\t\t\t\t<\/div>\n\t\t\t\t<div class=\"elementor-element elementor-element-e2b4420 elementor-widget elementor-widget-text-editor\" data-id=\"e2b4420\" data-element_type=\"widget\" data-widget_type=\"text-editor.default\">\n\t\t\t\t<div class=\"elementor-widget-container\">\n\t\t\t\t\t\t\t<p>Od davnina su oto\u010di\u0107i Sv. Katarina, Planac i \u010cavatul nazivani otok ljubavi, otok suza i otok Vrtiguza, dok se srcoliki oto\u010di\u0107 Gale\u0161njak naziva otokom zaljubljenih. Ovaj dio Pa\u0161manskog kanala koji le\u017ei izme\u0111u otoka Pa\u0161man i Biograda, sadr\u017ei sve \u0161to ljubav jest te se stoga naziva kanalom ljubavi.<\/p>\t\t\t\t\t\t<\/div>\n\t\t\t\t<\/div>\n\t\t\t\t<\/div>\n\t\t\t\t\t<\/div>\n\t\t\t\t<\/div>\n\t\t<div class=\"elementor-element elementor-element-6a345bb9 e-flex e-con-boxed e-con e-parent\" data-id=\"6a345bb9\" data-element_type=\"container\" data-core-v316-plus=\"true\">\n\t\t\t\t\t<div class=\"e-con-inner\">\n\t\t<div class=\"elementor-element elementor-element-7d59146f e-con-full e-flex e-con e-child\" data-id=\"7d59146f\" data-element_type=\"container\" data-settings=\"{&quot;background_background&quot;:&quot;classic&quot;}\">\n\t\t\t\t<div class=\"elementor-element elementor-element-57be5953 elementor-widget elementor-widget-heading\" data-id=\"57be5953\" data-element_type=\"widget\" data-widget_type=\"heading.default\">\n\t\t\t\t<div class=\"elementor-widget-container\">\n\t\t\t<h3 class=\"elementor-heading-title elementor-size-default\">Gastronomija<\/h3>\t\t<\/div>\n\t\t\t\t<\/div>\n\t\t\t\t<div class=\"elementor-element elementor-element-3d3df5cb elementor-widget elementor-widget-text-editor\" data-id=\"3d3df5cb\" data-element_type=\"widget\" data-widget_type=\"text-editor.default\">\n\t\t\t\t<div class=\"elementor-widget-container\">\n\t\t\t\t\t\t\t<p>Jedan od najpogodnijih na\u010dina upoznavanja osobe sa kulturom i na\u010dinom \u017eivota ljudi na odre\u0111enom podru\u010dju jest preko hrane. Tako se osim lijepog vremena i prirodnih ljepota u turisti\u010dkoj ponudi na\u0161la i gastronomija. Kroz razne gastronomske delicije imate priliku upoznati se s delicijama koje su autohtone za Pa\u0161manski kraj.<\/p><p>Preko starih autohtonih jela mo\u017eete do\u017eivjeti kako je \u017eivot u ovom kraju nekada izgledao, kakve namirnice su koristili i kakve na\u010dine pripreme hrane su stanovnici poznavali te \u0107e Vam svako jelo ispri\u010dati povijesnu i kulturnu pri\u010du.<\/p>\t\t\t\t\t\t<\/div>\n\t\t\t\t<\/div>\n\t\t\t\t<\/div>\n\t\t<div class=\"elementor-element elementor-element-7c9e9d0a e-con-full e-flex e-con e-child\" data-id=\"7c9e9d0a\" data-element_type=\"container\" data-settings=\"{&quot;background_background&quot;:&quot;classic&quot;}\" data-e-bg-lazyload=\"\">\n\t\t\t\t<div class=\"elementor-element elementor-element-7d7d008f elementor-widget elementor-widget-spacer\" data-id=\"7d7d008f\" data-element_type=\"widget\" data-widget_type=\"spacer.default\">\n\t\t\t\t<div class=\"elementor-widget-container\">\n\t\t\t\t\t<div class=\"elementor-spacer\">\n\t\t\t<div class=\"elementor-spacer-inner\"><\/div>\n\t\t<\/div>\n\t\t\t\t<\/div>\n\t\t\t\t<\/div>\n\t\t\t\t<\/div>\n\t\t\t\t\t<\/div>\n\t\t\t\t<\/div>\n\t\t<div class=\"elementor-element elementor-element-706e61b2 e-flex e-con-boxed e-con e-parent\" data-id=\"706e61b2\" data-element_type=\"container\" data-core-v316-plus=\"true\">\n\t\t\t\t\t<div class=\"e-con-inner\">\n\t\t<div class=\"elementor-element elementor-element-b47b54a e-con-full e-flex e-con e-child\" data-id=\"b47b54a\" data-element_type=\"container\" data-settings=\"{&quot;background_background&quot;:&quot;classic&quot;}\" data-e-bg-lazyload=\"\">\n\t\t\t\t<\/div>\n\t\t<div class=\"elementor-element elementor-element-7de5395f e-con-full e-flex e-con e-child\" data-id=\"7de5395f\" data-element_type=\"container\" data-settings=\"{&quot;background_background&quot;:&quot;classic&quot;}\">\n\t\t\t\t<div class=\"elementor-element elementor-element-195e64ec elementor-widget elementor-widget-heading\" data-id=\"195e64ec\" data-element_type=\"widget\" data-widget_type=\"heading.default\">\n\t\t\t\t<div class=\"elementor-widget-container\">\n\t\t\t<h3 class=\"elementor-heading-title elementor-size-default\">Morske radosti<\/h3>\t\t<\/div>\n\t\t\t\t<\/div>\n\t\t\t\t<div class=\"elementor-element elementor-element-12049ab8 elementor-widget elementor-widget-text-editor\" data-id=\"12049ab8\" data-element_type=\"widget\" data-widget_type=\"text-editor.default\">\n\t\t\t\t<div class=\"elementor-widget-container\">\n\t\t\t\t\t\t\t<p>Sve \u0161to \u017eelite saznati o moru i podmorju bit \u0107ete u prilici saznati tek kada zavirite u njegove dubine. Priroda se izda\u0161no i u potpunosti pobrinula za razli\u010dite vrste aktivnosti koje \u0107e vam pru\u017eiti svu zanimljivost, slikovitost neistra\u017eenih uvala i dubina podmorja \u0161to je zaista prava atrakcija.<\/p><p>Ovo je podru\u010dje idealna destinacija za ronioce i sve zaljubljenike u morske dubine koji \u0107e na taj na\u010din upoznati veli\u010danstveni, ali jo\u0161 uvijek neistra\u017eeni podmorski biljnih i \u017eivotinjski svijet.<\/p>\t\t\t\t\t\t<\/div>\n\t\t\t\t<\/div>\n\t\t\t\t<\/div>\n\t\t\t\t\t<\/div>\n\t\t\t\t<\/div>\n\t\t\t\t<\/div>\n\t\t","protected":false},"excerpt":{"rendered":"<p>Destinacija Pa\u0161man je prekrasan mali otok u srcu Mediterana koji je sa\u010duvao svu tradiciju i autohton na\u010din \u017eivota. Do\u0111ite i upoznajte mediteransku kulturu i obi\u010daje, zaboravite na svakodnevnicu, ostavite stres i brige i prepustite se svim \u010darima mediteranskog na\u010dina \u017eivota. Pa\u0161man Posjetiti otok Pa\u0161man zna\u010di ostaviti svakodnevnicu na drugoj strani kopna i uroniti u poseban [&hellip;]<\/p>\n","protected":false},"author":1,"featured_media":0,"parent":0,"menu_order":0,"comment_status":"closed","ping_status":"closed","template":"","meta":{"_acf_changed":false,"footnotes":""},"acf":[],"_links":{"self":[{"href":"https:\/\/palms.hr\/hr\/wp-json\/wp\/v2\/pages\/2071"}],"collection":[{"href":"https:\/\/palms.hr\/hr\/wp-json\/wp\/v2\/pages"}],"about":[{"href":"https:\/\/palms.hr\/hr\/wp-json\/wp\/v2\/types\/page"}],"author":[{"embeddable":true,"href":"https:\/\/palms.hr\/hr\/wp-json\/wp\/v2\/users\/1"}],"replies":[{"embeddable":true,"href":"https:\/\/palms.hr\/hr\/wp-json\/wp\/v2\/comments?post=2071"}],"version-history":[{"count":7,"href":"https:\/\/palms.hr\/hr\/wp-json\/wp\/v2\/pages\/2071\/revisions"}],"predecessor-version":[{"id":2439,"href":"https:\/\/palms.hr\/hr\/wp-json\/wp\/v2\/pages\/2071\/revisions\/2439"}],"wp:attachment":[{"href":"https:\/\/palms.hr\/hr\/wp-json\/wp\/v2\/media?parent=2071"}],"curies":[{"name":"wp","href":"https:\/\/api.w.org\/{rel}","templated":true}]}}