{"id":4333,"date":"2026-03-06T22:58:27","date_gmt":"2026-03-06T21:58:27","guid":{"rendered":"https:\/\/palms.hr\/waterfront-villas\/"},"modified":"2026-03-16T23:12:52","modified_gmt":"2026-03-16T22:12:52","slug":"waterfront-villas","status":"publish","type":"page","link":"https:\/\/palms.hr\/de\/waterfront-villas\/","title":{"rendered":"Waterfront villas"},"content":{"rendered":"\t\t<div data-elementor-type=\"wp-page\" data-elementor-id=\"4333\" class=\"elementor elementor-4333 elementor-3989\" data-elementor-post-type=\"page\">\n\t\t\t\t<div class=\"elementor-element elementor-element-71d77d7 e-flex e-con-boxed e-con e-parent\" data-id=\"71d77d7\" data-element_type=\"container\" data-settings=\"{&quot;background_background&quot;:&quot;classic&quot;}\" data-core-v316-plus=\"true\">\n\t\t\t\t\t<div class=\"e-con-inner\">\n\t\t<div class=\"elementor-element elementor-element-1c4a72e e-flex e-con-boxed e-con e-child\" data-id=\"1c4a72e\" data-element_type=\"container\" data-settings=\"{&quot;background_background&quot;:&quot;classic&quot;}\" data-e-bg-lazyload=\"\">\n\t\t\t\t\t<div class=\"e-con-inner\">\n\t\t\t\t\t<\/div>\n\t\t\t\t<\/div>\n\t\t\t\t\t<\/div>\n\t\t\t\t<\/div>\n\t\t<div class=\"elementor-element elementor-element-4de38c5 e-flex e-con-boxed e-con e-parent\" data-id=\"4de38c5\" data-element_type=\"container\" data-settings=\"{&quot;background_background&quot;:&quot;classic&quot;}\" data-core-v316-plus=\"true\">\n\t\t\t\t\t<div class=\"e-con-inner\">\n\t\t<div class=\"elementor-element elementor-element-bcd8ca3 e-flex e-con-boxed e-con e-child\" data-id=\"bcd8ca3\" data-element_type=\"container\" data-settings=\"{&quot;background_background&quot;:&quot;classic&quot;}\">\n\t\t\t\t\t<div class=\"e-con-inner\">\n\t\t\t\t<div class=\"elementor-element elementor-element-9f952aa elementor-widget elementor-widget-heading\" data-id=\"9f952aa\" data-element_type=\"widget\" data-widget_type=\"heading.default\">\n\t\t\t\t<div class=\"elementor-widget-container\">\n\t\t\t<style>\/*! elementor - v3.20.0 - 26-03-2024 *\/\n.elementor-heading-title{padding:0;margin:0;line-height:1}.elementor-widget-heading .elementor-heading-title[class*=elementor-size-]>a{color:inherit;font-size:inherit;line-height:inherit}.elementor-widget-heading .elementor-heading-title.elementor-size-small{font-size:15px}.elementor-widget-heading .elementor-heading-title.elementor-size-medium{font-size:19px}.elementor-widget-heading .elementor-heading-title.elementor-size-large{font-size:29px}.elementor-widget-heading .elementor-heading-title.elementor-size-xl{font-size:39px}.elementor-widget-heading .elementor-heading-title.elementor-size-xxl{font-size:59px}<\/style><h1 class=\"elementor-heading-title elementor-size-default\">Waterfront Villas<\/h1>\t\t<\/div>\n\t\t\t\t<\/div>\n\t\t\t\t<div class=\"elementor-element elementor-element-a6889ff elementor-widget elementor-widget-text-editor\" data-id=\"a6889ff\" data-element_type=\"widget\" data-widget_type=\"text-editor.default\">\n\t\t\t\t<div class=\"elementor-widget-container\">\n\t\t\t<style>\/*! elementor - v3.20.0 - 26-03-2024 *\/\n.elementor-widget-text-editor.elementor-drop-cap-view-stacked .elementor-drop-cap{background-color:#69727d;color:#fff}.elementor-widget-text-editor.elementor-drop-cap-view-framed .elementor-drop-cap{color:#69727d;border:3px solid;background-color:transparent}.elementor-widget-text-editor:not(.elementor-drop-cap-view-default) .elementor-drop-cap{margin-top:8px}.elementor-widget-text-editor:not(.elementor-drop-cap-view-default) .elementor-drop-cap-letter{width:1em;height:1em}.elementor-widget-text-editor .elementor-drop-cap{float:left;text-align:center;line-height:1;font-size:50px}.elementor-widget-text-editor .elementor-drop-cap-letter{display:inline-block}<\/style>\t\t\t\t<p>Die luxuri\u00f6se Villa am Wasser (300 m\u00b2) befindet sich nur 10 Meter vom Meer entfernt, direkt am Strand. German:<br \/>Mit moderner Einrichtung und erstklassiger Ausstattung bietet die Villa vollkommenen Komfort f\u00fcr 6+4 G\u00e4ste und zeichnet sich durch einen privaten Infinity-Pool, einen mediterranen Garten sowie eine \u00fcberdachte Terrasse mit verschiebbarer Glaswand aus, die einen direkten Blick auf das Meer erm\u00f6glicht und ein Gef\u00fchl der Verbundenheit mit ihm vermittelt. Mit dem Rauschen der Wellen und dem Duft von Salz in der Luft garantiert diese ger\u00e4umige Villa mit all ihren Annehmlichkeiten einen einzigartigen R\u00fcckzugsort in Harmonie, Ruhe und Privatsph\u00e4re.<\/p>\n\t\t\t\t\t\t<\/div>\n\t\t\t\t<\/div>\n\t\t\t\t\t<\/div>\n\t\t\t\t<\/div>\n\t\t\t\t\t<\/div>\n\t\t\t\t<\/div>\n\t\t<div class=\"elementor-element elementor-element-d5e90fb e-flex e-con-boxed e-con e-parent\" data-id=\"d5e90fb\" data-element_type=\"container\" data-core-v316-plus=\"true\">\n\t\t\t\t\t<div class=\"e-con-inner\">\n\t\t<div class=\"elementor-element elementor-element-73cc55e e-con-full e-flex e-con e-child\" data-id=\"73cc55e\" data-element_type=\"container\" data-settings=\"{&quot;background_background&quot;:&quot;classic&quot;}\" data-e-bg-lazyload=\"\">\n\t\t\t\t<div class=\"elementor-element elementor-element-52b3ed6 elementor-widget elementor-widget-spacer\" data-id=\"52b3ed6\" data-element_type=\"widget\" data-widget_type=\"spacer.default\">\n\t\t\t\t<div class=\"elementor-widget-container\">\n\t\t\t<style>\/*! elementor - v3.20.0 - 26-03-2024 *\/\n.elementor-column .elementor-spacer-inner{height:var(--spacer-size)}.e-con{--container-widget-width:100%}.e-con-inner>.elementor-widget-spacer,.e-con>.elementor-widget-spacer{width:var(--container-widget-width,var(--spacer-size));--align-self:var(--container-widget-align-self,initial);--flex-shrink:0}.e-con-inner>.elementor-widget-spacer>.elementor-widget-container,.e-con>.elementor-widget-spacer>.elementor-widget-container{height:100%;width:100%}.e-con-inner>.elementor-widget-spacer>.elementor-widget-container>.elementor-spacer,.e-con>.elementor-widget-spacer>.elementor-widget-container>.elementor-spacer{height:100%}.e-con-inner>.elementor-widget-spacer>.elementor-widget-container>.elementor-spacer>.elementor-spacer-inner,.e-con>.elementor-widget-spacer>.elementor-widget-container>.elementor-spacer>.elementor-spacer-inner{height:var(--container-widget-height,var(--spacer-size))}.e-con-inner>.elementor-widget-spacer.elementor-widget-empty,.e-con>.elementor-widget-spacer.elementor-widget-empty{position:relative;min-height:22px;min-width:22px}.e-con-inner>.elementor-widget-spacer.elementor-widget-empty .elementor-widget-empty-icon,.e-con>.elementor-widget-spacer.elementor-widget-empty .elementor-widget-empty-icon{position:absolute;top:0;bottom:0;left:0;right:0;margin:auto;padding:0;width:22px;height:22px}<\/style>\t\t<div class=\"elementor-spacer\">\n\t\t\t<div class=\"elementor-spacer-inner\"><\/div>\n\t\t<\/div>\n\t\t\t\t<\/div>\n\t\t\t\t<\/div>\n\t\t\t\t<\/div>\n\t\t<div class=\"elementor-element elementor-element-d6a90d4 e-con-full e-flex e-con e-child\" data-id=\"d6a90d4\" data-element_type=\"container\" data-settings=\"{&quot;background_background&quot;:&quot;classic&quot;}\">\n\t\t\t\t<div class=\"elementor-element elementor-element-046284f elementor-widget elementor-widget-heading\" data-id=\"046284f\" data-element_type=\"widget\" data-widget_type=\"heading.default\">\n\t\t\t\t<div class=\"elementor-widget-container\">\n\t\t\t<h3 class=\"elementor-heading-title elementor-size-default\">Waterfront Villas\n<\/h3>\t\t<\/div>\n\t\t\t\t<\/div>\n\t\t\t\t<div class=\"elementor-element elementor-element-15788a5 elementor-widget elementor-widget-text-editor\" data-id=\"15788a5\" data-element_type=\"widget\" data-widget_type=\"text-editor.default\">\n\t\t\t\t<div class=\"elementor-widget-container\">\n\t\t\t\t\t\t\t<p>Die Waterfront Villa ist eine luxuri\u00f6s ausgestattete Villa direkt am Meer, mit Blick auf das Wasser aus jedem Zimmer. Die Villa ist zweist\u00f6ckig und verf\u00fcgt \u00fcber drei Schlafzimmer im Obergeschoss, von denen zwei \u00fcber ein eigenes Bad verf\u00fcgen, sowie ein gemeinsames Badezimmer im Flur. Im Erdgeschoss befinden sich ein ger\u00e4umiges Wohnzimmer, ein Esszimmer, eine K\u00fcche, eine Toilette und ein Waschraum. Das Interieur wurde sorgf\u00e4ltig gestaltet und mit modernsten M\u00f6beln eingerichtet, ausgestattet mit einem hochwertigen Audiosystem und einer PlayStation 5, und die K\u00fcche ist voll ausgestattet. Zwei Parkpl\u00e4tze stehen direkt vor der Villa zur Verf\u00fcgung.<\/p>\n\t\t\t\t\t\t<\/div>\n\t\t\t\t<\/div>\n\t\t\t\t<\/div>\n\t\t\t\t\t<\/div>\n\t\t\t\t<\/div>\n\t\t<div class=\"elementor-element elementor-element-5fdafe3 e-flex e-con-boxed e-con e-parent\" data-id=\"5fdafe3\" data-element_type=\"container\" data-core-v316-plus=\"true\">\n\t\t\t\t\t<div class=\"e-con-inner\">\n\t\t<div class=\"elementor-element elementor-element-a7235b5 e-con-full e-flex e-con e-child\" data-id=\"a7235b5\" data-element_type=\"container\" data-settings=\"{&quot;background_background&quot;:&quot;classic&quot;}\">\n\t\t\t\t<div class=\"elementor-element elementor-element-6d2f34a elementor-widget elementor-widget-heading\" data-id=\"6d2f34a\" data-element_type=\"widget\" data-widget_type=\"heading.default\">\n\t\t\t\t<div class=\"elementor-widget-container\">\n\t\t\t<h3 class=\"elementor-heading-title elementor-size-default\">Pool und Terrasse<\/h3>\t\t<\/div>\n\t\t\t\t<\/div>\n\t\t\t\t<div class=\"elementor-element elementor-element-c281747 elementor-widget elementor-widget-text-editor\" data-id=\"c281747\" data-element_type=\"widget\" data-widget_type=\"text-editor.default\">\n\t\t\t\t<div class=\"elementor-widget-container\">\n\t\t\t\t\t\t\t<p>Die Villa verf\u00fcgt \u00fcber eine \u00fcberdachte Terrasse mit einer verschiebbaren Glaswand, die einen direkten Blick auf das Meer bietet und ein Gef\u00fchl der Verbundenheit mit ihm vermittelt. Und der wundersch\u00f6n beleuchtete Infinity-Pool wird Ihren Aufenthalt zu einem unvergesslichen Erlebnis machen.<\/p>\n\t\t\t\t\t\t<\/div>\n\t\t\t\t<\/div>\n\t\t\t\t<\/div>\n\t\t<div class=\"elementor-element elementor-element-5547540 e-con-full e-flex e-con e-child\" data-id=\"5547540\" data-element_type=\"container\" data-settings=\"{&quot;background_background&quot;:&quot;classic&quot;}\" data-e-bg-lazyload=\"\">\n\t\t\t\t<div class=\"elementor-element elementor-element-7a4c63c elementor-widget elementor-widget-spacer\" data-id=\"7a4c63c\" data-element_type=\"widget\" data-widget_type=\"spacer.default\">\n\t\t\t\t<div class=\"elementor-widget-container\">\n\t\t\t\t\t<div class=\"elementor-spacer\">\n\t\t\t<div class=\"elementor-spacer-inner\"><\/div>\n\t\t<\/div>\n\t\t\t\t<\/div>\n\t\t\t\t<\/div>\n\t\t\t\t<\/div>\n\t\t\t\t\t<\/div>\n\t\t\t\t<\/div>\n\t\t<div class=\"elementor-element elementor-element-1ef8d5e e-flex e-con-boxed e-con e-parent\" data-id=\"1ef8d5e\" data-element_type=\"container\" data-core-v316-plus=\"true\">\n\t\t\t\t\t<div class=\"e-con-inner\">\n\t\t<div class=\"elementor-element elementor-element-54e054a e-con-full e-flex e-con e-child\" data-id=\"54e054a\" data-element_type=\"container\" data-settings=\"{&quot;background_background&quot;:&quot;classic&quot;}\" data-e-bg-lazyload=\"\">\n\t\t\t\t<div class=\"elementor-element elementor-element-cacbdae elementor-widget elementor-widget-spacer\" data-id=\"cacbdae\" data-element_type=\"widget\" data-widget_type=\"spacer.default\">\n\t\t\t\t<div class=\"elementor-widget-container\">\n\t\t\t\t\t<div class=\"elementor-spacer\">\n\t\t\t<div class=\"elementor-spacer-inner\"><\/div>\n\t\t<\/div>\n\t\t\t\t<\/div>\n\t\t\t\t<\/div>\n\t\t\t\t<\/div>\n\t\t<div class=\"elementor-element elementor-element-cde3762 e-con-full e-flex e-con e-child\" data-id=\"cde3762\" data-element_type=\"container\" data-settings=\"{&quot;background_background&quot;:&quot;classic&quot;}\">\n\t\t\t\t<div class=\"elementor-element elementor-element-d32db04 elementor-widget elementor-widget-heading\" data-id=\"d32db04\" data-element_type=\"widget\" data-widget_type=\"heading.default\">\n\t\t\t\t<div class=\"elementor-widget-container\">\n\t\t\t<h3 class=\"elementor-heading-title elementor-size-default\">Garten<\/h3>\t\t<\/div>\n\t\t\t\t<\/div>\n\t\t\t\t<div class=\"elementor-element elementor-element-de882db elementor-widget elementor-widget-text-editor\" data-id=\"de882db\" data-element_type=\"widget\" data-widget_type=\"text-editor.default\">\n\t\t\t\t<div class=\"elementor-widget-container\">\n\t\t\t\t\t\t\t<p>Der Garten ist in ein wundersch\u00f6nes Ambiente eingebettet, in dem ein Traumurlaub Wirklichkeit wird. Umgeben von Palmen und dem Duft des Meeres haben Sie die M\u00f6glichkeit, alle Reize Dalmatiens zu genie\u00dfen.<\/p>\n\t\t\t\t\t\t<\/div>\n\t\t\t\t<\/div>\n\t\t\t\t<\/div>\n\t\t\t\t\t<\/div>\n\t\t\t\t<\/div>\n\t\t<div class=\"elementor-element elementor-element-ef9b2a9 e-flex e-con-boxed e-con e-parent\" data-id=\"ef9b2a9\" data-element_type=\"container\" data-core-v316-plus=\"true\">\n\t\t\t\t\t<div class=\"e-con-inner\">\n\t\t<div class=\"elementor-element elementor-element-b118457 e-con-full e-flex e-con e-child\" data-id=\"b118457\" data-element_type=\"container\" data-settings=\"{&quot;background_background&quot;:&quot;classic&quot;}\">\n\t\t\t\t<div class=\"elementor-element elementor-element-53f471e elementor-widget elementor-widget-heading\" data-id=\"53f471e\" data-element_type=\"widget\" data-widget_type=\"heading.default\">\n\t\t\t\t<div class=\"elementor-widget-container\">\n\t\t\t<h3 class=\"elementor-heading-title elementor-size-default\">K\u00fcche<\/h3>\t\t<\/div>\n\t\t\t\t<\/div>\n\t\t\t\t<div class=\"elementor-element elementor-element-1cce1af elementor-widget elementor-widget-text-editor\" data-id=\"1cce1af\" data-element_type=\"widget\" data-widget_type=\"text-editor.default\">\n\t\t\t\t<div class=\"elementor-widget-container\">\n\t\t\t\t\t\t\t<p>Im Erdgeschoss befindet sich eine moderne K\u00fcche mit einem Essbereich und einem Tisch f\u00fcr 10 Personen. Die K\u00fcche ist mit den modernsten Ger\u00e4ten ausgestattet, darunter ein Toaster, ein Herd, ein Wasserkocher, ein Geschirrsp\u00fcler, eine Mikrowelle, ein Backofen, ein K\u00fchlschrank, eine Kaffeemaschine und hochwertiges Kochgeschirr.<\/p>\n\t\t\t\t\t\t<\/div>\n\t\t\t\t<\/div>\n\t\t\t\t<\/div>\n\t\t<div class=\"elementor-element elementor-element-d9efe04 e-con-full e-flex e-con e-child\" data-id=\"d9efe04\" data-element_type=\"container\" data-settings=\"{&quot;background_background&quot;:&quot;classic&quot;}\" data-e-bg-lazyload=\"\">\n\t\t\t\t<div class=\"elementor-element elementor-element-70cf1e8 elementor-widget elementor-widget-spacer\" data-id=\"70cf1e8\" data-element_type=\"widget\" data-widget_type=\"spacer.default\">\n\t\t\t\t<div class=\"elementor-widget-container\">\n\t\t\t\t\t<div class=\"elementor-spacer\">\n\t\t\t<div class=\"elementor-spacer-inner\"><\/div>\n\t\t<\/div>\n\t\t\t\t<\/div>\n\t\t\t\t<\/div>\n\t\t\t\t<\/div>\n\t\t\t\t\t<\/div>\n\t\t\t\t<\/div>\n\t\t<div class=\"elementor-element elementor-element-df63c09 e-flex e-con-boxed e-con e-parent\" data-id=\"df63c09\" data-element_type=\"container\" data-core-v316-plus=\"true\">\n\t\t\t\t\t<div class=\"e-con-inner\">\n\t\t<div class=\"elementor-element elementor-element-46d0111 e-con-full e-flex e-con e-child\" data-id=\"46d0111\" data-element_type=\"container\" data-settings=\"{&quot;background_background&quot;:&quot;slideshow&quot;,&quot;background_slideshow_slide_duration&quot;:2000,&quot;background_slideshow_gallery&quot;:[],&quot;background_slideshow_loop&quot;:&quot;yes&quot;,&quot;background_slideshow_slide_transition&quot;:&quot;fade&quot;,&quot;background_slideshow_transition_duration&quot;:500}\">\n\t\t\t\t<div class=\"elementor-element elementor-element-f9153ce elementor-pagination-position-inside elementor-widget elementor-widget-image-carousel\" data-id=\"f9153ce\" data-element_type=\"widget\" data-settings=\"{&quot;slides_to_show&quot;:&quot;1&quot;,&quot;navigation&quot;:&quot;dots&quot;,&quot;autoplay&quot;:&quot;yes&quot;,&quot;pause_on_hover&quot;:&quot;yes&quot;,&quot;pause_on_interaction&quot;:&quot;yes&quot;,&quot;autoplay_speed&quot;:5000,&quot;infinite&quot;:&quot;yes&quot;,&quot;effect&quot;:&quot;slide&quot;,&quot;speed&quot;:500}\" data-widget_type=\"image-carousel.default\">\n\t\t\t\t<div class=\"elementor-widget-container\">\n\t\t\t<style>\/*! elementor - v3.20.0 - 26-03-2024 *\/\n.elementor-widget-image-carousel .swiper,.elementor-widget-image-carousel .swiper-container{position:static}.elementor-widget-image-carousel .swiper-container .swiper-slide figure,.elementor-widget-image-carousel .swiper .swiper-slide figure{line-height:inherit}.elementor-widget-image-carousel .swiper-slide{text-align:center}.elementor-image-carousel-wrapper:not(.swiper-container-initialized):not(.swiper-initialized) .swiper-slide{max-width:calc(100% \/ var(--e-image-carousel-slides-to-show, 3))}<\/style>\t\t<div class=\"elementor-image-carousel-wrapper swiper\" dir=\"ltr\">\n\t\t\t<div class=\"elementor-image-carousel swiper-wrapper\" aria-live=\"off\">\n\t\t\t\t\t\t\t\t<div class=\"swiper-slide\" role=\"group\" aria-roledescription=\"slide\" aria-label=\"1 von 4\"><figure class=\"swiper-slide-inner\"><img decoding=\"async\" class=\"swiper-slide-image\" src=\"https:\/\/palms.hr\/wp-content\/uploads\/2026\/03\/IMG_1360.webp\" alt=\"Waterfront Bedroom 1\" \/><\/figure><\/div><div class=\"swiper-slide\" role=\"group\" aria-roledescription=\"slide\" aria-label=\"2 von 4\"><figure class=\"swiper-slide-inner\"><img decoding=\"async\" class=\"swiper-slide-image\" src=\"https:\/\/palms.hr\/wp-content\/uploads\/2026\/03\/IMG_1376.webp\" alt=\"Waterfront Bedroom 1\" \/><\/figure><\/div><div class=\"swiper-slide\" role=\"group\" aria-roledescription=\"slide\" aria-label=\"3 von 4\"><figure class=\"swiper-slide-inner\"><img decoding=\"async\" class=\"swiper-slide-image\" src=\"https:\/\/palms.hr\/wp-content\/uploads\/2026\/03\/IMG_1352.webp\" alt=\"Waterfront Bedroom 1\" \/><\/figure><\/div><div class=\"swiper-slide\" role=\"group\" aria-roledescription=\"slide\" aria-label=\"4 von 4\"><figure class=\"swiper-slide-inner\"><img decoding=\"async\" class=\"swiper-slide-image\" src=\"https:\/\/palms.hr\/wp-content\/uploads\/2026\/03\/IMG_1360.webp\" alt=\"Waterfront Bedroom 1\" \/><\/figure><\/div>\t\t\t<\/div>\n\t\t\t\t\t\t\t\n\t\t\t\t\t\t\t\t\t<div class=\"swiper-pagination\"><\/div>\n\t\t\t\t\t\t\t\t\t<\/div>\n\t\t\t\t<\/div>\n\t\t\t\t<\/div>\n\t\t\t\t<\/div>\n\t\t<div class=\"elementor-element elementor-element-3873eb1 e-con-full e-flex e-con e-child\" data-id=\"3873eb1\" data-element_type=\"container\" data-settings=\"{&quot;background_background&quot;:&quot;classic&quot;}\">\n\t\t\t\t<div class=\"elementor-element elementor-element-11aa1ea elementor-widget elementor-widget-heading\" data-id=\"11aa1ea\" data-element_type=\"widget\" data-widget_type=\"heading.default\">\n\t\t\t\t<div class=\"elementor-widget-container\">\n\t\t\t<h3 class=\"elementor-heading-title elementor-size-default\">Schlafzimmer<\/h3>\t\t<\/div>\n\t\t\t\t<\/div>\n\t\t\t\t<div class=\"elementor-element elementor-element-e91fa21 elementor-widget elementor-widget-text-editor\" data-id=\"e91fa21\" data-element_type=\"widget\" data-widget_type=\"text-editor.default\">\n\t\t\t\t<div class=\"elementor-widget-container\">\n\t\t\t\t\t\t\t<p>Die Schlafzimmer sind mit bequemen Doppelbetten mit Satinbettw\u00e4sche und modernen Badezimmern ausgestattet. Die Zimmer sind auf perfekten Luxus ausgelegt und mit gro\u00dfer Sorgfalt dekoriert. Die Details schaffen eine warme Atmosph\u00e4re, in der Sie sich sofort wie zu Hause f\u00fchlen werden. Jedes Zimmer ist klimatisiert und verf\u00fcgt \u00fcber einen hochmodernen Satelliten-TV, Netflix, einen Safe und kostenloses Internet. Wir haben an jedes kleine Detail gedacht \u2014 und bei Bedarf steht auch ein Babybett zur Verf\u00fcgung.<\/p>\n\t\t\t\t\t\t<\/div>\n\t\t\t\t<\/div>\n\t\t\t\t<\/div>\n\t\t\t\t\t<\/div>\n\t\t\t\t<\/div>\n\t\t<div class=\"elementor-element elementor-element-d3d05c7 e-flex e-con-boxed e-con e-parent\" data-id=\"d3d05c7\" data-element_type=\"container\" data-settings=\"{&quot;background_background&quot;:&quot;classic&quot;}\" data-core-v316-plus=\"true\">\n\t\t\t\t\t<div class=\"e-con-inner\">\n\t\t<div class=\"elementor-element elementor-element-243dae9 e-con-full e-flex e-con e-child\" data-id=\"243dae9\" data-element_type=\"container\" data-settings=\"{&quot;background_background&quot;:&quot;classic&quot;}\">\n\t\t\t\t<div class=\"elementor-element elementor-element-0534a89 elementor-widget elementor-widget-heading\" data-id=\"0534a89\" data-element_type=\"widget\" data-widget_type=\"heading.default\">\n\t\t\t\t<div class=\"elementor-widget-container\">\n\t\t\t<h3 class=\"elementor-heading-title elementor-size-default\">Badezimmer<\/h3>\t\t<\/div>\n\t\t\t\t<\/div>\n\t\t\t\t<div class=\"elementor-element elementor-element-2e0f1f5 elementor-widget elementor-widget-text-editor\" data-id=\"2e0f1f5\" data-element_type=\"widget\" data-widget_type=\"text-editor.default\">\n\t\t\t\t<div class=\"elementor-widget-container\">\n\t\t\t\t\t\t\t<p>Die Badezimmer sind modern ausgestattet mit einer Duschkabine und einem kompletten Set an Toilettenartikeln, darunter Handt\u00fccher, Shampoo, Seife, Bodylotion, ein Haartrockner sowie Pool- und Strandt\u00fccher.<\/p>\n\t\t\t\t\t\t<\/div>\n\t\t\t\t<\/div>\n\t\t\t\t<\/div>\n\t\t<div class=\"elementor-element elementor-element-b99f111 e-con-full e-flex e-con e-child\" data-id=\"b99f111\" data-element_type=\"container\" data-settings=\"{&quot;background_background&quot;:&quot;classic&quot;}\" data-e-bg-lazyload=\"\">\n\t\t\t\t<div class=\"elementor-element elementor-element-2c2499c elementor-widget elementor-widget-spacer\" data-id=\"2c2499c\" data-element_type=\"widget\" data-widget_type=\"spacer.default\">\n\t\t\t\t<div class=\"elementor-widget-container\">\n\t\t\t\t\t<div class=\"elementor-spacer\">\n\t\t\t<div class=\"elementor-spacer-inner\"><\/div>\n\t\t<\/div>\n\t\t\t\t<\/div>\n\t\t\t\t<\/div>\n\t\t\t\t<\/div>\n\t\t\t\t\t<\/div>\n\t\t\t\t<\/div>\n\t\t<div class=\"elementor-element elementor-element-eb7d5a1 e-flex e-con-boxed e-con e-parent\" data-id=\"eb7d5a1\" data-element_type=\"container\" data-core-v316-plus=\"true\">\n\t\t\t\t\t<div class=\"e-con-inner\">\n\t\t\t\t<div class=\"elementor-element elementor-element-58c3cde elementor-widget elementor-widget-heading\" data-id=\"58c3cde\" data-element_type=\"widget\" data-widget_type=\"heading.default\">\n\t\t\t\t<div class=\"elementor-widget-container\">\n\t\t\t<h2 class=\"elementor-heading-title elementor-size-default\">Buchen Sie Ihren Urlaub in der Waterfront Villa<\/h2>\t\t<\/div>\n\t\t\t\t<\/div>\n\t\t\t\t<div class=\"elementor-element elementor-element-6f76d6f elementor-widget elementor-widget-button\" data-id=\"6f76d6f\" data-element_type=\"widget\" data-widget_type=\"button.default\">\n\t\t\t\t<div class=\"elementor-widget-container\">\n\t\t\t\t\t<div class=\"elementor-button-wrapper\">\n\t\t\t<a class=\"elementor-button elementor-button-link elementor-size-sm\" href=\"\">\n\t\t\t\t\t\t<span class=\"elementor-button-content-wrapper\">\n\t\t\t\t\t\t<span class=\"elementor-button-text\">RESERVIERUNG<\/span>\n\t\t<\/span>\n\t\t\t\t\t<\/a>\n\t\t<\/div>\n\t\t\t\t<\/div>\n\t\t\t\t<\/div>\n\t\t\t\t\t<\/div>\n\t\t\t\t<\/div>\n\t\t\t\t<\/div>\n\t\t","protected":false},"excerpt":{"rendered":"<p>Waterfront Villas Die luxuri\u00f6se Villa am Wasser (300 m\u00b2) befindet sich nur 10 Meter vom Meer entfernt, direkt am Strand. German:Mit moderner Einrichtung und erstklassiger Ausstattung bietet die Villa vollkommenen Komfort f\u00fcr 6+4 G\u00e4ste und zeichnet sich durch einen privaten Infinity-Pool, einen mediterranen Garten sowie eine \u00fcberdachte Terrasse mit verschiebbarer Glaswand aus, die einen direkten [&hellip;]<\/p>\n","protected":false},"author":1,"featured_media":0,"parent":0,"menu_order":0,"comment_status":"closed","ping_status":"closed","template":"","meta":{"_acf_changed":false,"footnotes":""},"acf":[],"_links":{"self":[{"href":"https:\/\/palms.hr\/de\/wp-json\/wp\/v2\/pages\/4333"}],"collection":[{"href":"https:\/\/palms.hr\/de\/wp-json\/wp\/v2\/pages"}],"about":[{"href":"https:\/\/palms.hr\/de\/wp-json\/wp\/v2\/types\/page"}],"author":[{"embeddable":true,"href":"https:\/\/palms.hr\/de\/wp-json\/wp\/v2\/users\/1"}],"replies":[{"embeddable":true,"href":"https:\/\/palms.hr\/de\/wp-json\/wp\/v2\/comments?post=4333"}],"version-history":[{"count":10,"href":"https:\/\/palms.hr\/de\/wp-json\/wp\/v2\/pages\/4333\/revisions"}],"predecessor-version":[{"id":4452,"href":"https:\/\/palms.hr\/de\/wp-json\/wp\/v2\/pages\/4333\/revisions\/4452"}],"wp:attachment":[{"href":"https:\/\/palms.hr\/de\/wp-json\/wp\/v2\/media?parent=4333"}],"curies":[{"name":"wp","href":"https:\/\/api.w.org\/{rel}","templated":true}]}}