{"id":2090,"date":"2024-03-27T10:07:19","date_gmt":"2024-03-27T09:07:19","guid":{"rendered":"https:\/\/palms.hr\/resort\/"},"modified":"2024-05-09T11:08:12","modified_gmt":"2024-05-09T09:08:12","slug":"resort","status":"publish","type":"page","link":"https:\/\/palms.hr\/de\/resort\/","title":{"rendered":"Resort"},"content":{"rendered":"\t\t<div data-elementor-type=\"wp-page\" data-elementor-id=\"2090\" class=\"elementor elementor-2090 elementor-15\" data-elementor-post-type=\"page\">\n\t\t\t\t<div class=\"elementor-element elementor-element-31afb40 e-flex e-con-boxed e-con e-parent\" data-id=\"31afb40\" data-element_type=\"container\" data-settings=\"{&quot;background_background&quot;:&quot;classic&quot;}\" data-core-v316-plus=\"true\">\n\t\t\t\t\t<div class=\"e-con-inner\">\n\t\t<div class=\"elementor-element elementor-element-db36231 e-flex e-con-boxed e-con e-child\" data-id=\"db36231\" data-element_type=\"container\" data-settings=\"{&quot;background_background&quot;:&quot;classic&quot;}\" data-e-bg-lazyload=\"\">\n\t\t\t\t\t<div class=\"e-con-inner\">\n\t\t\t\t\t<\/div>\n\t\t\t\t<\/div>\n\t\t\t\t\t<\/div>\n\t\t\t\t<\/div>\n\t\t<div class=\"elementor-element elementor-element-541a0bd e-flex e-con-boxed e-con e-parent\" data-id=\"541a0bd\" data-element_type=\"container\" data-settings=\"{&quot;background_background&quot;:&quot;classic&quot;}\" data-core-v316-plus=\"true\">\n\t\t\t\t\t<div class=\"e-con-inner\">\n\t\t<div class=\"elementor-element elementor-element-28afe81 e-flex e-con-boxed e-con e-child\" data-id=\"28afe81\" data-element_type=\"container\" data-settings=\"{&quot;background_background&quot;:&quot;classic&quot;}\">\n\t\t\t\t\t<div class=\"e-con-inner\">\n\t\t\t\t<div class=\"elementor-element elementor-element-4a48ae6 elementor-widget elementor-widget-heading\" data-id=\"4a48ae6\" data-element_type=\"widget\" data-widget_type=\"heading.default\">\n\t\t\t\t<div class=\"elementor-widget-container\">\n\t\t\t<style>\/*! elementor - v3.20.0 - 26-03-2024 *\/\n.elementor-heading-title{padding:0;margin:0;line-height:1}.elementor-widget-heading .elementor-heading-title[class*=elementor-size-]>a{color:inherit;font-size:inherit;line-height:inherit}.elementor-widget-heading .elementor-heading-title.elementor-size-small{font-size:15px}.elementor-widget-heading .elementor-heading-title.elementor-size-medium{font-size:19px}.elementor-widget-heading .elementor-heading-title.elementor-size-large{font-size:29px}.elementor-widget-heading .elementor-heading-title.elementor-size-xl{font-size:39px}.elementor-widget-heading .elementor-heading-title.elementor-size-xxl{font-size:59px}<\/style><h1 class=\"elementor-heading-title elementor-size-default\">Resort<\/h1>\t\t<\/div>\n\t\t\t\t<\/div>\n\t\t\t\t<div class=\"elementor-element elementor-element-ab869d9 elementor-widget elementor-widget-text-editor\" data-id=\"ab869d9\" data-element_type=\"widget\" data-widget_type=\"text-editor.default\">\n\t\t\t\t<div class=\"elementor-widget-container\">\n\t\t\t<style>\/*! elementor - v3.20.0 - 26-03-2024 *\/\n.elementor-widget-text-editor.elementor-drop-cap-view-stacked .elementor-drop-cap{background-color:#69727d;color:#fff}.elementor-widget-text-editor.elementor-drop-cap-view-framed .elementor-drop-cap{color:#69727d;border:3px solid;background-color:transparent}.elementor-widget-text-editor:not(.elementor-drop-cap-view-default) .elementor-drop-cap{margin-top:8px}.elementor-widget-text-editor:not(.elementor-drop-cap-view-default) .elementor-drop-cap-letter{width:1em;height:1em}.elementor-widget-text-editor .elementor-drop-cap{float:left;text-align:center;line-height:1;font-size:50px}.elementor-widget-text-editor .elementor-drop-cap-letter{display:inline-block}<\/style>\t\t\t\t<p>The Palms Resort ist ein exklusives Refugium auf der Insel Pa\u0161man in Ugrini\u0107. Es besteht aus f\u00fcnfzehn luxuri\u00f6s eingerichteten Villen mit Pool, die perfekte Wahl f\u00fcr einen Familienurlaub in der Stille der Natur sind.<\/p><p>Das Resort besteht aus drei Arten von Villen. Villa President bietet Platz f\u00fcr sechs Personen und besteht aus drei ger\u00e4umigen Schlafzimmern, drei Badezimmern, einer Toilette, einem gro\u00dfen ger\u00e4umigen Wohnzimmer mit K\u00fcche und einem Garten mit zwei gro\u00dfz\u00fcgigen Terrassen, von denen eine \u00fcber einen Infinity-Pool verf\u00fcgt. Villa Beach bietet Platz f\u00fcr sechs Personen und besteht aus drei Schlafzimmern, zwei Badezimmern, einer Toilette, einer K\u00fcche, einem Wohnzimmer und einem sch\u00f6nen Garten mit zwei Terrassen, von denen eine \u00fcber einen Infinity-Pool verf\u00fcgt. Villen Draem, die f\u00fcr vier Personen geeignet sind und aus zwei Schlafzimmern, zwei Badezimmern, Wohnzimmer, K\u00fcche, privatem Garten mit Terrasse und Swimmingpool bestehen.<\/p><p>F\u00fcr jede Villa steht ein Strandbett zur Verf\u00fcgung. Entdecken Sie die magische Welt des Komforts, der Entspannung, des Friedens und der Erholung in der s\u00fc\u00dfen Privatsph\u00e4re einer kleinen Stadt in Pa\u0161man, w\u00e4hlen Sie Ihre Traumvilla und genie\u00dfen Sie den ganzen Charme des mediterranen Lebens.<\/p>\t\t\t\t\t\t<\/div>\n\t\t\t\t<\/div>\n\t\t\t\t\t<\/div>\n\t\t\t\t<\/div>\n\t\t\t\t\t<\/div>\n\t\t\t\t<\/div>\n\t\t<div class=\"elementor-element elementor-element-cc56c63 e-flex e-con-boxed e-con e-parent\" data-id=\"cc56c63\" data-element_type=\"container\" data-core-v316-plus=\"true\">\n\t\t\t\t\t<div class=\"e-con-inner\">\n\t\t<div class=\"elementor-element elementor-element-a876bf5 e-con-full e-flex e-con e-child\" data-id=\"a876bf5\" data-element_type=\"container\" data-settings=\"{&quot;background_background&quot;:&quot;classic&quot;}\" data-e-bg-lazyload=\"\">\n\t\t\t\t<div class=\"elementor-element elementor-element-1a71bda elementor-widget elementor-widget-spacer\" data-id=\"1a71bda\" data-element_type=\"widget\" data-widget_type=\"spacer.default\">\n\t\t\t\t<div class=\"elementor-widget-container\">\n\t\t\t<style>\/*! elementor - v3.20.0 - 26-03-2024 *\/\n.elementor-column .elementor-spacer-inner{height:var(--spacer-size)}.e-con{--container-widget-width:100%}.e-con-inner>.elementor-widget-spacer,.e-con>.elementor-widget-spacer{width:var(--container-widget-width,var(--spacer-size));--align-self:var(--container-widget-align-self,initial);--flex-shrink:0}.e-con-inner>.elementor-widget-spacer>.elementor-widget-container,.e-con>.elementor-widget-spacer>.elementor-widget-container{height:100%;width:100%}.e-con-inner>.elementor-widget-spacer>.elementor-widget-container>.elementor-spacer,.e-con>.elementor-widget-spacer>.elementor-widget-container>.elementor-spacer{height:100%}.e-con-inner>.elementor-widget-spacer>.elementor-widget-container>.elementor-spacer>.elementor-spacer-inner,.e-con>.elementor-widget-spacer>.elementor-widget-container>.elementor-spacer>.elementor-spacer-inner{height:var(--container-widget-height,var(--spacer-size))}.e-con-inner>.elementor-widget-spacer.elementor-widget-empty,.e-con>.elementor-widget-spacer.elementor-widget-empty{position:relative;min-height:22px;min-width:22px}.e-con-inner>.elementor-widget-spacer.elementor-widget-empty .elementor-widget-empty-icon,.e-con>.elementor-widget-spacer.elementor-widget-empty .elementor-widget-empty-icon{position:absolute;top:0;bottom:0;left:0;right:0;margin:auto;padding:0;width:22px;height:22px}<\/style>\t\t<div class=\"elementor-spacer\">\n\t\t\t<div class=\"elementor-spacer-inner\"><\/div>\n\t\t<\/div>\n\t\t\t\t<\/div>\n\t\t\t\t<\/div>\n\t\t\t\t<\/div>\n\t\t<div class=\"elementor-element elementor-element-8ed677d e-con-full e-flex e-con e-child\" data-id=\"8ed677d\" data-element_type=\"container\" data-settings=\"{&quot;background_background&quot;:&quot;classic&quot;}\">\n\t\t\t\t<div class=\"elementor-element elementor-element-ca9d0dd elementor-widget elementor-widget-heading\" data-id=\"ca9d0dd\" data-element_type=\"widget\" data-widget_type=\"heading.default\">\n\t\t\t\t<div class=\"elementor-widget-container\">\n\t\t\t<h3 class=\"elementor-heading-title elementor-size-default\">Der Strand<\/h3>\t\t<\/div>\n\t\t\t\t<\/div>\n\t\t\t\t<div class=\"elementor-element elementor-element-962215a elementor-widget elementor-widget-text-editor\" data-id=\"962215a\" data-element_type=\"widget\" data-widget_type=\"text-editor.default\">\n\t\t\t\t<div class=\"elementor-widget-container\">\n\t\t\t\t\t\t\t<p>Ein wundersch\u00f6n angelegter Strand befindet sich innerhalb des Resorts. Nur wenige Meter trennen Sie von der Sandoase, in der nur f\u00fcr Sie ein privates Tagesbett und Liegen bereitgestellt werden. Entspannen Sie sich in der Sonne, w\u00e4hrend der Sand mit Ihren Fingern spielt, oder entspannen Sie im Schatten, w\u00e4hrend Sie einem Orchester aus Meer, Grillen und dem Rauschen der Palmen zulauschen. Vergessen Sie die Probleme und entspannen Sie Ihren Geist und K\u00f6rper, indem Sie auf das Meer blicken. Die K\u00fcste hat auch f\u00fcr die Kleinen gesorgt, sodass sie frei im flachen Meer spielen k\u00f6nnen, w\u00e4hrend Sie die Intimit\u00e4t des Strandes genie\u00dfen.<\/p>\t\t\t\t\t\t<\/div>\n\t\t\t\t<\/div>\n\t\t\t\t<\/div>\n\t\t\t\t\t<\/div>\n\t\t\t\t<\/div>\n\t\t<div class=\"elementor-element elementor-element-acec96a e-flex e-con-boxed e-con e-parent\" data-id=\"acec96a\" data-element_type=\"container\" data-core-v316-plus=\"true\">\n\t\t\t\t\t<div class=\"e-con-inner\">\n\t\t<div class=\"elementor-element elementor-element-9f3c016 e-con-full e-flex e-con e-child\" data-id=\"9f3c016\" data-element_type=\"container\" data-settings=\"{&quot;background_background&quot;:&quot;classic&quot;}\">\n\t\t\t\t<div class=\"elementor-element elementor-element-b79f2dd elementor-widget elementor-widget-heading\" data-id=\"b79f2dd\" data-element_type=\"widget\" data-widget_type=\"heading.default\">\n\t\t\t\t<div class=\"elementor-widget-container\">\n\t\t\t<h3 class=\"elementor-heading-title elementor-size-default\">Wasserpark<\/h3>\t\t<\/div>\n\t\t\t\t<\/div>\n\t\t\t\t<div class=\"elementor-element elementor-element-1cf1868 elementor-widget elementor-widget-text-editor\" data-id=\"1cf1868\" data-element_type=\"widget\" data-widget_type=\"text-editor.default\">\n\t\t\t\t<div class=\"elementor-widget-container\">\n\t\t\t\t\t\t\t<p>Spa\u00df f\u00fcr Jung und Alt! Wenn Sie den Tag entspannt und spielend verbringen m\u00f6chten, k\u00f6nnen Sie dies in unserem Aquapark im Meer tun. Hier verbringen Sie unvergessliche Momente bei gemeinsamen Familientreffen, Schwimmen und Unterhaltung.<\/p>\t\t\t\t\t\t<\/div>\n\t\t\t\t<\/div>\n\t\t\t\t<\/div>\n\t\t<div class=\"elementor-element elementor-element-861c20f e-con-full e-flex e-con e-child\" data-id=\"861c20f\" data-element_type=\"container\" data-settings=\"{&quot;background_background&quot;:&quot;classic&quot;}\" data-e-bg-lazyload=\"\">\n\t\t\t\t<div class=\"elementor-element elementor-element-7ce1490 elementor-widget elementor-widget-spacer\" data-id=\"7ce1490\" data-element_type=\"widget\" data-widget_type=\"spacer.default\">\n\t\t\t\t<div class=\"elementor-widget-container\">\n\t\t\t\t\t<div class=\"elementor-spacer\">\n\t\t\t<div class=\"elementor-spacer-inner\"><\/div>\n\t\t<\/div>\n\t\t\t\t<\/div>\n\t\t\t\t<\/div>\n\t\t\t\t<\/div>\n\t\t\t\t\t<\/div>\n\t\t\t\t<\/div>\n\t\t<div class=\"elementor-element elementor-element-2f3c7aa e-flex e-con-boxed e-con e-parent\" data-id=\"2f3c7aa\" data-element_type=\"container\" data-core-v316-plus=\"true\">\n\t\t\t\t\t<div class=\"e-con-inner\">\n\t\t<div class=\"elementor-element elementor-element-e368920 e-con-full e-flex e-con e-child\" data-id=\"e368920\" data-element_type=\"container\" data-settings=\"{&quot;background_background&quot;:&quot;slideshow&quot;,&quot;background_slideshow_slide_duration&quot;:2000,&quot;background_slideshow_gallery&quot;:[],&quot;background_slideshow_loop&quot;:&quot;yes&quot;,&quot;background_slideshow_slide_transition&quot;:&quot;fade&quot;,&quot;background_slideshow_transition_duration&quot;:500}\">\n\t\t\t\t<div class=\"elementor-element elementor-element-bf0d52d elementor-pagination-position-inside elementor-widget elementor-widget-image-carousel\" data-id=\"bf0d52d\" data-element_type=\"widget\" data-settings=\"{&quot;slides_to_show&quot;:&quot;1&quot;,&quot;navigation&quot;:&quot;dots&quot;,&quot;autoplay&quot;:&quot;yes&quot;,&quot;pause_on_hover&quot;:&quot;yes&quot;,&quot;pause_on_interaction&quot;:&quot;yes&quot;,&quot;autoplay_speed&quot;:5000,&quot;infinite&quot;:&quot;yes&quot;,&quot;effect&quot;:&quot;slide&quot;,&quot;speed&quot;:500}\" data-widget_type=\"image-carousel.default\">\n\t\t\t\t<div class=\"elementor-widget-container\">\n\t\t\t<style>\/*! elementor - v3.20.0 - 26-03-2024 *\/\n.elementor-widget-image-carousel .swiper,.elementor-widget-image-carousel .swiper-container{position:static}.elementor-widget-image-carousel .swiper-container .swiper-slide figure,.elementor-widget-image-carousel .swiper .swiper-slide figure{line-height:inherit}.elementor-widget-image-carousel .swiper-slide{text-align:center}.elementor-image-carousel-wrapper:not(.swiper-container-initialized):not(.swiper-initialized) .swiper-slide{max-width:calc(100% \/ var(--e-image-carousel-slides-to-show, 3))}<\/style>\t\t<div class=\"elementor-image-carousel-wrapper swiper\" dir=\"ltr\">\n\t\t\t<div class=\"elementor-image-carousel swiper-wrapper\" aria-live=\"off\">\n\t\t\t\t\t\t\t\t<div class=\"swiper-slide\" role=\"group\" aria-roledescription=\"slide\" aria-label=\"1 von 2\"><figure class=\"swiper-slide-inner\"><img decoding=\"async\" class=\"swiper-slide-image\" src=\"https:\/\/palms.hr\/wp-content\/uploads\/2024\/03\/the-palms-resort-exterior-034_153920.webp\" alt=\"the-palms-resort-exterior-034_153920\" \/><\/figure><\/div><div class=\"swiper-slide\" role=\"group\" aria-roledescription=\"slide\" aria-label=\"2 von 2\"><figure class=\"swiper-slide-inner\"><img decoding=\"async\" class=\"swiper-slide-image\" src=\"https:\/\/palms.hr\/wp-content\/uploads\/2024\/03\/TM-1039_1_113122.webp\" alt=\"TM-1039_1_113122\" \/><\/figure><\/div>\t\t\t<\/div>\n\t\t\t\t\t\t\t\n\t\t\t\t\t\t\t\t\t<div class=\"swiper-pagination\"><\/div>\n\t\t\t\t\t\t\t\t\t<\/div>\n\t\t\t\t<\/div>\n\t\t\t\t<\/div>\n\t\t\t\t<\/div>\n\t\t<div class=\"elementor-element elementor-element-ed7dfc5 e-con-full e-flex e-con e-child\" data-id=\"ed7dfc5\" data-element_type=\"container\" data-settings=\"{&quot;background_background&quot;:&quot;classic&quot;}\">\n\t\t\t\t<div class=\"elementor-element elementor-element-5d4ac12 elementor-widget elementor-widget-heading\" data-id=\"5d4ac12\" data-element_type=\"widget\" data-widget_type=\"heading.default\">\n\t\t\t\t<div class=\"elementor-widget-container\">\n\t\t\t<h3 class=\"elementor-heading-title elementor-size-default\">Sport<\/h3>\t\t<\/div>\n\t\t\t\t<\/div>\n\t\t\t\t<div class=\"elementor-element elementor-element-0761356 elementor-widget elementor-widget-text-editor\" data-id=\"0761356\" data-element_type=\"widget\" data-widget_type=\"text-editor.default\">\n\t\t\t\t<div class=\"elementor-widget-container\">\n\t\t\t\t\t\t\t<p>In unserem Resort k\u00f6nnen Sie versuchen, die Insel mit Elektrofahrr\u00e4dern, Rollern, Elektrorollern, Choppern und Quads zu erkunden. Finden Sie die sch\u00f6nsten versteckten Buchten und Aussichtspunkte und lernen Sie den Charme unserer Insel kennen. Erstellen Sie Ihre eigenen Reisen und Ihre Recherche kann beginnen!<\/p>\t\t\t\t\t\t<\/div>\n\t\t\t\t<\/div>\n\t\t\t\t<\/div>\n\t\t\t\t\t<\/div>\n\t\t\t\t<\/div>\n\t\t<div class=\"elementor-element elementor-element-cb24c44 e-flex e-con-boxed e-con e-parent\" data-id=\"cb24c44\" data-element_type=\"container\" data-core-v316-plus=\"true\">\n\t\t\t\t\t<div class=\"e-con-inner\">\n\t\t<div class=\"elementor-element elementor-element-4b14999 e-con-full e-flex e-con e-child\" data-id=\"4b14999\" data-element_type=\"container\" data-settings=\"{&quot;background_background&quot;:&quot;classic&quot;}\">\n\t\t\t\t<div class=\"elementor-element elementor-element-543af7a elementor-widget elementor-widget-heading\" data-id=\"543af7a\" data-element_type=\"widget\" data-widget_type=\"heading.default\">\n\t\t\t\t<div class=\"elementor-widget-container\">\n\t\t\t<h3 class=\"elementor-heading-title elementor-size-default\">Bootsfahrten\n<\/h3>\t\t<\/div>\n\t\t\t\t<\/div>\n\t\t\t\t<div class=\"elementor-element elementor-element-1b2b0a0 elementor-widget elementor-widget-text-editor\" data-id=\"1b2b0a0\" data-element_type=\"widget\" data-widget_type=\"text-editor.default\">\n\t\t\t\t<div class=\"elementor-widget-container\">\n\t\t\t\t\t\t\t<p>The Palms bieten Ihnen die M\u00f6glichkeit, unber\u00fchrte Natur vom Meer aus zu erleben. Auf einer Bootsfahrt k\u00f6nnen Sie zahlreiche Inseln, paradiesische Str\u00e4nde, H\u00f6hlen und Nationalparks entdecken. Unsere Mitarbeiter beraten Sie gerne zu Sehensw\u00fcrdigkeiten oder helfen Ihnen bei der Organisation von Ausfl\u00fcgen.<\/p>\t\t\t\t\t\t<\/div>\n\t\t\t\t<\/div>\n\t\t\t\t<\/div>\n\t\t<div class=\"elementor-element elementor-element-de70b12 e-con-full e-flex e-con e-child\" data-id=\"de70b12\" data-element_type=\"container\" data-settings=\"{&quot;background_background&quot;:&quot;classic&quot;}\" data-e-bg-lazyload=\"\">\n\t\t\t\t<div class=\"elementor-element elementor-element-4502230 elementor-widget elementor-widget-spacer\" data-id=\"4502230\" data-element_type=\"widget\" data-widget_type=\"spacer.default\">\n\t\t\t\t<div class=\"elementor-widget-container\">\n\t\t\t\t\t<div class=\"elementor-spacer\">\n\t\t\t<div class=\"elementor-spacer-inner\"><\/div>\n\t\t<\/div>\n\t\t\t\t<\/div>\n\t\t\t\t<\/div>\n\t\t\t\t<\/div>\n\t\t\t\t\t<\/div>\n\t\t\t\t<\/div>\n\t\t<div class=\"elementor-element elementor-element-5c43de9 e-flex e-con-boxed e-con e-parent\" data-id=\"5c43de9\" data-element_type=\"container\" data-core-v316-plus=\"true\">\n\t\t\t\t\t<div class=\"e-con-inner\">\n\t\t<div class=\"elementor-element elementor-element-1ce9c70 e-con-full e-flex e-con e-child\" data-id=\"1ce9c70\" data-element_type=\"container\" data-settings=\"{&quot;background_background&quot;:&quot;slideshow&quot;,&quot;background_slideshow_slide_duration&quot;:2000,&quot;background_slideshow_gallery&quot;:[],&quot;background_slideshow_loop&quot;:&quot;yes&quot;,&quot;background_slideshow_slide_transition&quot;:&quot;fade&quot;,&quot;background_slideshow_transition_duration&quot;:500}\">\n\t\t\t\t<div class=\"elementor-element elementor-element-aab0964 elementor-pagination-position-inside elementor-widget elementor-widget-image-carousel\" data-id=\"aab0964\" data-element_type=\"widget\" data-settings=\"{&quot;slides_to_show&quot;:&quot;1&quot;,&quot;navigation&quot;:&quot;dots&quot;,&quot;autoplay&quot;:&quot;yes&quot;,&quot;pause_on_hover&quot;:&quot;yes&quot;,&quot;pause_on_interaction&quot;:&quot;yes&quot;,&quot;autoplay_speed&quot;:5000,&quot;infinite&quot;:&quot;yes&quot;,&quot;effect&quot;:&quot;slide&quot;,&quot;speed&quot;:500}\" data-widget_type=\"image-carousel.default\">\n\t\t\t\t<div class=\"elementor-widget-container\">\n\t\t\t\t\t<div class=\"elementor-image-carousel-wrapper swiper\" dir=\"ltr\">\n\t\t\t<div class=\"elementor-image-carousel swiper-wrapper\" aria-live=\"off\">\n\t\t\t\t\t\t\t\t<div class=\"swiper-slide\" role=\"group\" aria-roledescription=\"slide\" aria-label=\"1 von 2\"><figure class=\"swiper-slide-inner\"><img decoding=\"async\" class=\"swiper-slide-image\" src=\"https:\/\/palms.hr\/wp-content\/uploads\/2024\/03\/TM-1021_113331.webp\" alt=\"TM-1021_113331\" \/><\/figure><\/div><div class=\"swiper-slide\" role=\"group\" aria-roledescription=\"slide\" aria-label=\"2 von 2\"><figure class=\"swiper-slide-inner\"><img decoding=\"async\" class=\"swiper-slide-image\" src=\"https:\/\/palms.hr\/wp-content\/uploads\/2024\/03\/the-palms-resort-villa-beach-IV-033_155457.webp\" alt=\"the-palms-resort-villa-beach-IV-033_155457\" \/><\/figure><\/div>\t\t\t<\/div>\n\t\t\t\t\t\t\t\n\t\t\t\t\t\t\t\t\t<div class=\"swiper-pagination\"><\/div>\n\t\t\t\t\t\t\t\t\t<\/div>\n\t\t\t\t<\/div>\n\t\t\t\t<\/div>\n\t\t\t\t<\/div>\n\t\t<div class=\"elementor-element elementor-element-79b4558 e-con-full e-flex e-con e-child\" data-id=\"79b4558\" data-element_type=\"container\" data-settings=\"{&quot;background_background&quot;:&quot;classic&quot;}\">\n\t\t\t\t<div class=\"elementor-element elementor-element-393bbbc elementor-widget elementor-widget-heading\" data-id=\"393bbbc\" data-element_type=\"widget\" data-widget_type=\"heading.default\">\n\t\t\t\t<div class=\"elementor-widget-container\">\n\t\t\t<h3 class=\"elementor-heading-title elementor-size-default\">Zusatzleitungen\n<\/h3>\t\t<\/div>\n\t\t\t\t<\/div>\n\t\t\t\t<div class=\"elementor-element elementor-element-95eff7a elementor-widget elementor-widget-text-editor\" data-id=\"95eff7a\" data-element_type=\"widget\" data-widget_type=\"text-editor.default\">\n\t\t\t\t<div class=\"elementor-widget-container\">\n\t\t\t\t\t\t\t<p>Lieferung von Lebensmitteln aus der Einkaufsliste \/ Heimtierbedarf<\/p>\t\t\t\t\t\t<\/div>\n\t\t\t\t<\/div>\n\t\t\t\t<\/div>\n\t\t\t\t\t<\/div>\n\t\t\t\t<\/div>\n\t\t\t\t<\/div>\n\t\t","protected":false},"excerpt":{"rendered":"<p>Resort The Palms Resort ist ein exklusives Refugium auf der Insel Pa\u0161man in Ugrini\u0107. Es besteht aus f\u00fcnfzehn luxuri\u00f6s eingerichteten Villen mit Pool, die perfekte Wahl f\u00fcr einen Familienurlaub in der Stille der Natur sind. Das Resort besteht aus drei Arten von Villen. Villa President bietet Platz f\u00fcr sechs Personen und besteht aus drei ger\u00e4umigen [&hellip;]<\/p>\n","protected":false},"author":1,"featured_media":0,"parent":0,"menu_order":0,"comment_status":"closed","ping_status":"closed","template":"","meta":{"_acf_changed":false,"footnotes":""},"acf":[],"_links":{"self":[{"href":"https:\/\/palms.hr\/de\/wp-json\/wp\/v2\/pages\/2090"}],"collection":[{"href":"https:\/\/palms.hr\/de\/wp-json\/wp\/v2\/pages"}],"about":[{"href":"https:\/\/palms.hr\/de\/wp-json\/wp\/v2\/types\/page"}],"author":[{"embeddable":true,"href":"https:\/\/palms.hr\/de\/wp-json\/wp\/v2\/users\/1"}],"replies":[{"embeddable":true,"href":"https:\/\/palms.hr\/de\/wp-json\/wp\/v2\/comments?post=2090"}],"version-history":[{"count":13,"href":"https:\/\/palms.hr\/de\/wp-json\/wp\/v2\/pages\/2090\/revisions"}],"predecessor-version":[{"id":2923,"href":"https:\/\/palms.hr\/de\/wp-json\/wp\/v2\/pages\/2090\/revisions\/2923"}],"wp:attachment":[{"href":"https:\/\/palms.hr\/de\/wp-json\/wp\/v2\/media?parent=2090"}],"curies":[{"name":"wp","href":"https:\/\/api.w.org\/{rel}","templated":true}]}}