{"id":2072,"date":"2024-03-27T10:08:54","date_gmt":"2024-03-27T09:08:54","guid":{"rendered":"https:\/\/palms.hr\/destinations\/"},"modified":"2024-04-11T23:40:50","modified_gmt":"2024-04-11T21:40:50","slug":"reiseziele","status":"publish","type":"page","link":"https:\/\/palms.hr\/de\/reiseziele\/","title":{"rendered":"Reiseziele"},"content":{"rendered":"\t\t<div data-elementor-type=\"wp-page\" data-elementor-id=\"2072\" class=\"elementor elementor-2072 elementor-23\" data-elementor-post-type=\"page\">\n\t\t\t\t<div class=\"elementor-element elementor-element-62efa5bf e-flex e-con-boxed e-con e-parent\" data-id=\"62efa5bf\" data-element_type=\"container\" data-settings=\"{&quot;background_background&quot;:&quot;classic&quot;}\" data-core-v316-plus=\"true\">\n\t\t\t\t\t<div class=\"e-con-inner\">\n\t\t<div class=\"elementor-element elementor-element-3ec8506e e-flex e-con-boxed e-con e-child\" data-id=\"3ec8506e\" data-element_type=\"container\" data-settings=\"{&quot;background_background&quot;:&quot;classic&quot;}\" data-e-bg-lazyload=\"\">\n\t\t\t\t\t<div class=\"e-con-inner\">\n\t\t\t\t\t<\/div>\n\t\t\t\t<\/div>\n\t\t\t\t\t<\/div>\n\t\t\t\t<\/div>\n\t\t<div class=\"elementor-element elementor-element-730f3b30 e-flex e-con-boxed e-con e-parent\" data-id=\"730f3b30\" data-element_type=\"container\" data-settings=\"{&quot;background_background&quot;:&quot;classic&quot;}\" data-core-v316-plus=\"true\">\n\t\t\t\t\t<div class=\"e-con-inner\">\n\t\t<div class=\"elementor-element elementor-element-6d277c47 e-flex e-con-boxed e-con e-child\" data-id=\"6d277c47\" data-element_type=\"container\" data-settings=\"{&quot;background_background&quot;:&quot;classic&quot;}\">\n\t\t\t\t\t<div class=\"e-con-inner\">\n\t\t\t\t<div class=\"elementor-element elementor-element-724739b7 elementor-widget elementor-widget-heading\" data-id=\"724739b7\" data-element_type=\"widget\" data-widget_type=\"heading.default\">\n\t\t\t\t<div class=\"elementor-widget-container\">\n\t\t\t<style>\/*! elementor - v3.20.0 - 26-03-2024 *\/\n.elementor-heading-title{padding:0;margin:0;line-height:1}.elementor-widget-heading .elementor-heading-title[class*=elementor-size-]>a{color:inherit;font-size:inherit;line-height:inherit}.elementor-widget-heading .elementor-heading-title.elementor-size-small{font-size:15px}.elementor-widget-heading .elementor-heading-title.elementor-size-medium{font-size:19px}.elementor-widget-heading .elementor-heading-title.elementor-size-large{font-size:29px}.elementor-widget-heading .elementor-heading-title.elementor-size-xl{font-size:39px}.elementor-widget-heading .elementor-heading-title.elementor-size-xxl{font-size:59px}<\/style><h1 class=\"elementor-heading-title elementor-size-default\">Reiseziele<\/h1>\t\t<\/div>\n\t\t\t\t<\/div>\n\t\t\t\t<div class=\"elementor-element elementor-element-77bf18b2 elementor-widget elementor-widget-text-editor\" data-id=\"77bf18b2\" data-element_type=\"widget\" data-widget_type=\"text-editor.default\">\n\t\t\t\t<div class=\"elementor-widget-container\">\n\t\t\t<style>\/*! elementor - v3.20.0 - 26-03-2024 *\/\n.elementor-widget-text-editor.elementor-drop-cap-view-stacked .elementor-drop-cap{background-color:#69727d;color:#fff}.elementor-widget-text-editor.elementor-drop-cap-view-framed .elementor-drop-cap{color:#69727d;border:3px solid;background-color:transparent}.elementor-widget-text-editor:not(.elementor-drop-cap-view-default) .elementor-drop-cap{margin-top:8px}.elementor-widget-text-editor:not(.elementor-drop-cap-view-default) .elementor-drop-cap-letter{width:1em;height:1em}.elementor-widget-text-editor .elementor-drop-cap{float:left;text-align:center;line-height:1;font-size:50px}.elementor-widget-text-editor .elementor-drop-cap-letter{display:inline-block}<\/style>\t\t\t\t<p>Pa\u0161man ist eine wundersch\u00f6ne kleine Insel im Herzen des Mittelmeers, die ganze Tradition und indigene Lebensweise bewahrt hat. Lernen Sie die mediterrane Kultur und Br\u00e4uche kennen, vergessen Sie den Alltag, lassen Sie Stress und Sorgen hinter sich und lassen Sie sich von allen Reizen der mediterranen Lebensart verw\u00f6hnen.<\/p>\t\t\t\t\t\t<\/div>\n\t\t\t\t<\/div>\n\t\t\t\t\t<\/div>\n\t\t\t\t<\/div>\n\t\t\t\t\t<\/div>\n\t\t\t\t<\/div>\n\t\t<div class=\"elementor-element elementor-element-78815372 e-flex e-con-boxed e-con e-parent\" data-id=\"78815372\" data-element_type=\"container\" data-core-v316-plus=\"true\">\n\t\t\t\t\t<div class=\"e-con-inner\">\n\t\t<div class=\"elementor-element elementor-element-7435e247 e-con-full e-flex e-con e-child\" data-id=\"7435e247\" data-element_type=\"container\" data-settings=\"{&quot;background_background&quot;:&quot;classic&quot;}\" data-e-bg-lazyload=\"\">\n\t\t\t\t<div class=\"elementor-element elementor-element-246a3b0b elementor-widget elementor-widget-spacer\" data-id=\"246a3b0b\" data-element_type=\"widget\" data-widget_type=\"spacer.default\">\n\t\t\t\t<div class=\"elementor-widget-container\">\n\t\t\t<style>\/*! elementor - v3.20.0 - 26-03-2024 *\/\n.elementor-column .elementor-spacer-inner{height:var(--spacer-size)}.e-con{--container-widget-width:100%}.e-con-inner>.elementor-widget-spacer,.e-con>.elementor-widget-spacer{width:var(--container-widget-width,var(--spacer-size));--align-self:var(--container-widget-align-self,initial);--flex-shrink:0}.e-con-inner>.elementor-widget-spacer>.elementor-widget-container,.e-con>.elementor-widget-spacer>.elementor-widget-container{height:100%;width:100%}.e-con-inner>.elementor-widget-spacer>.elementor-widget-container>.elementor-spacer,.e-con>.elementor-widget-spacer>.elementor-widget-container>.elementor-spacer{height:100%}.e-con-inner>.elementor-widget-spacer>.elementor-widget-container>.elementor-spacer>.elementor-spacer-inner,.e-con>.elementor-widget-spacer>.elementor-widget-container>.elementor-spacer>.elementor-spacer-inner{height:var(--container-widget-height,var(--spacer-size))}.e-con-inner>.elementor-widget-spacer.elementor-widget-empty,.e-con>.elementor-widget-spacer.elementor-widget-empty{position:relative;min-height:22px;min-width:22px}.e-con-inner>.elementor-widget-spacer.elementor-widget-empty .elementor-widget-empty-icon,.e-con>.elementor-widget-spacer.elementor-widget-empty .elementor-widget-empty-icon{position:absolute;top:0;bottom:0;left:0;right:0;margin:auto;padding:0;width:22px;height:22px}<\/style>\t\t<div class=\"elementor-spacer\">\n\t\t\t<div class=\"elementor-spacer-inner\"><\/div>\n\t\t<\/div>\n\t\t\t\t<\/div>\n\t\t\t\t<\/div>\n\t\t\t\t<\/div>\n\t\t<div class=\"elementor-element elementor-element-7d66fda2 e-con-full e-flex e-con e-child\" data-id=\"7d66fda2\" data-element_type=\"container\" data-settings=\"{&quot;background_background&quot;:&quot;classic&quot;}\">\n\t\t\t\t<div class=\"elementor-element elementor-element-20fbfe0f elementor-widget elementor-widget-heading\" data-id=\"20fbfe0f\" data-element_type=\"widget\" data-widget_type=\"heading.default\">\n\t\t\t\t<div class=\"elementor-widget-container\">\n\t\t\t<h3 class=\"elementor-heading-title elementor-size-default\">Die Insel Pa\u0161man<\/h3>\t\t<\/div>\n\t\t\t\t<\/div>\n\t\t\t\t<div class=\"elementor-element elementor-element-2b7b6188 elementor-widget elementor-widget-text-editor\" data-id=\"2b7b6188\" data-element_type=\"widget\" data-widget_type=\"text-editor.default\">\n\t\t\t\t<div class=\"elementor-widget-container\">\n\t\t\t\t\t\t\t<p>Die Insel Pa\u0161man zu besuchen bedeutet, den Alltag auf der anderen Seite des Festlandes zu verlassen und in eine besondere mediterrane Welt einzutauchen. Eine wundersch\u00f6ne Insel, umgeben von der klaren Adria, verbirgt ein erstklassiges Familienresort, das sich perfekt f\u00fcr einen Traumurlaub eignet. Genie\u00dfen Sie das Inselleben, die D\u00fcfte des Mittelmeers, den Charme Dalmatiens und g\u00f6nnen Sie sich den Luxus, den das einzigartige Familienresort \u201eThe Palms\u201c bietet.<\/p><p>Die K\u00fcste bietet einen unvergesslichen Blick auf die vielen Inseln und Inselchen, die die Geheimnisse unber\u00fchrter Natur verbergen, und das mediterrane Klima hat eine reiche Flora und Fauna entwickelt, viele Arten von Heil- und Aromapflanzen und der Meeresboden bewahrt alle Arten von Schalentieren und Fischen der kroatischen Adria.<\/p>\t\t\t\t\t\t<\/div>\n\t\t\t\t<\/div>\n\t\t\t\t<\/div>\n\t\t\t\t\t<\/div>\n\t\t\t\t<\/div>\n\t\t<div class=\"elementor-element elementor-element-7406f6ed e-flex e-con-boxed e-con e-parent\" data-id=\"7406f6ed\" data-element_type=\"container\" data-core-v316-plus=\"true\">\n\t\t\t\t\t<div class=\"e-con-inner\">\n\t\t<div class=\"elementor-element elementor-element-7325c116 e-con-full e-flex e-con e-child\" data-id=\"7325c116\" data-element_type=\"container\" data-settings=\"{&quot;background_background&quot;:&quot;classic&quot;}\">\n\t\t\t\t<div class=\"elementor-element elementor-element-6ba0e5d1 elementor-widget elementor-widget-heading\" data-id=\"6ba0e5d1\" data-element_type=\"widget\" data-widget_type=\"heading.default\">\n\t\t\t\t<div class=\"elementor-widget-container\">\n\t\t\t<h3 class=\"elementor-heading-title elementor-size-default\">Das Klima<\/h3>\t\t<\/div>\n\t\t\t\t<\/div>\n\t\t\t\t<div class=\"elementor-element elementor-element-f25cc78 elementor-widget elementor-widget-text-editor\" data-id=\"f25cc78\" data-element_type=\"widget\" data-widget_type=\"text-editor.default\">\n\t\t\t\t<div class=\"elementor-widget-container\">\n\t\t\t\t\t\t\t<p>Die Insel Pa\u0161man hat durch ihre geografische Lage ein mediterranes Klima, das milde Winter und sch\u00f6ne, warme Sommer sowie eine reiche mediterrane Vegetation bedeutet, die Schutz vor der Sonne und ein einzigartiges Erlebnis der Synergie von Ger\u00fcchen, Geschm\u00e4ckern und Farben bietet.<\/p>\t\t\t\t\t\t<\/div>\n\t\t\t\t<\/div>\n\t\t\t\t<\/div>\n\t\t<div class=\"elementor-element elementor-element-1106d89a e-con-full e-flex e-con e-child\" data-id=\"1106d89a\" data-element_type=\"container\" data-settings=\"{&quot;background_background&quot;:&quot;classic&quot;}\" data-e-bg-lazyload=\"\">\n\t\t\t\t<div class=\"elementor-element elementor-element-675e0492 elementor-widget elementor-widget-spacer\" data-id=\"675e0492\" data-element_type=\"widget\" data-widget_type=\"spacer.default\">\n\t\t\t\t<div class=\"elementor-widget-container\">\n\t\t\t\t\t<div class=\"elementor-spacer\">\n\t\t\t<div class=\"elementor-spacer-inner\"><\/div>\n\t\t<\/div>\n\t\t\t\t<\/div>\n\t\t\t\t<\/div>\n\t\t\t\t<\/div>\n\t\t\t\t\t<\/div>\n\t\t\t\t<\/div>\n\t\t<div class=\"elementor-element elementor-element-76790917 e-flex e-con-boxed e-con e-parent\" data-id=\"76790917\" data-element_type=\"container\" data-core-v316-plus=\"true\">\n\t\t\t\t\t<div class=\"e-con-inner\">\n\t\t<div class=\"elementor-element elementor-element-5437dad9 e-con-full e-flex e-con e-child\" data-id=\"5437dad9\" data-element_type=\"container\" data-settings=\"{&quot;background_background&quot;:&quot;classic&quot;}\" data-e-bg-lazyload=\"\">\n\t\t\t\t<div class=\"elementor-element elementor-element-8da1823 elementor-widget elementor-widget-spacer\" data-id=\"8da1823\" data-element_type=\"widget\" data-widget_type=\"spacer.default\">\n\t\t\t\t<div class=\"elementor-widget-container\">\n\t\t\t\t\t<div class=\"elementor-spacer\">\n\t\t\t<div class=\"elementor-spacer-inner\"><\/div>\n\t\t<\/div>\n\t\t\t\t<\/div>\n\t\t\t\t<\/div>\n\t\t\t\t<\/div>\n\t\t<div class=\"elementor-element elementor-element-2af5daad e-con-full e-flex e-con e-child\" data-id=\"2af5daad\" data-element_type=\"container\" data-settings=\"{&quot;background_background&quot;:&quot;classic&quot;}\">\n\t\t\t\t<div class=\"elementor-element elementor-element-3dce3ab elementor-widget elementor-widget-heading\" data-id=\"3dce3ab\" data-element_type=\"widget\" data-widget_type=\"heading.default\">\n\t\t\t\t<div class=\"elementor-widget-container\">\n\t\t\t<h3 class=\"elementor-heading-title elementor-size-default\">Gale\u0161njak<\/h3>\t\t<\/div>\n\t\t\t\t<\/div>\n\t\t\t\t<div class=\"elementor-element elementor-element-e2b4420 elementor-widget elementor-widget-text-editor\" data-id=\"e2b4420\" data-element_type=\"widget\" data-widget_type=\"text-editor.default\">\n\t\t\t\t<div class=\"elementor-widget-container\">\n\t\t\t\t\t\t\t<p>Seit der Antike sind die Inseln Sv. Katarina, Planac und \u010cavatul als Insel der Liebe, Insel der Tr\u00e4nen und Insel Vrtiguza bekannt, w\u00e4hrend die herzf\u00f6rmige Insel Gale\u0161njak die Insel der Liebenden genannt wird. Dieser Teil des Pa\u0161man-Kanals, der zwischen den Inseln Pa\u0161man und Biograd liegt, enth\u00e4lt alles, was Liebe ist, und wird daher Kanal der Liebe genannt.<\/p>\t\t\t\t\t\t<\/div>\n\t\t\t\t<\/div>\n\t\t\t\t<\/div>\n\t\t\t\t\t<\/div>\n\t\t\t\t<\/div>\n\t\t<div class=\"elementor-element elementor-element-6a345bb9 e-flex e-con-boxed e-con e-parent\" data-id=\"6a345bb9\" data-element_type=\"container\" data-core-v316-plus=\"true\">\n\t\t\t\t\t<div class=\"e-con-inner\">\n\t\t<div class=\"elementor-element elementor-element-7d59146f e-con-full e-flex e-con e-child\" data-id=\"7d59146f\" data-element_type=\"container\" data-settings=\"{&quot;background_background&quot;:&quot;classic&quot;}\">\n\t\t\t\t<div class=\"elementor-element elementor-element-57be5953 elementor-widget elementor-widget-heading\" data-id=\"57be5953\" data-element_type=\"widget\" data-widget_type=\"heading.default\">\n\t\t\t\t<div class=\"elementor-widget-container\">\n\t\t\t<h3 class=\"elementor-heading-title elementor-size-default\">Die Gastronomie<\/h3>\t\t<\/div>\n\t\t\t\t<\/div>\n\t\t\t\t<div class=\"elementor-element elementor-element-3d3df5cb elementor-widget elementor-widget-text-editor\" data-id=\"3d3df5cb\" data-element_type=\"widget\" data-widget_type=\"text-editor.default\">\n\t\t\t\t<div class=\"elementor-widget-container\">\n\t\t\t\t\t\t\t<p>Eine der bequemsten M\u00f6glichkeiten, eine Person mit der Kultur und Lebensweise der Menschen in einem bestimmten Gebiet vertraut zu machen, ist das Essen. So geh\u00f6rt neben sch\u00f6nem Wetter und Natursch\u00f6nheiten auch die Gastronomie zum touristischen Angebot. Durch verschiedene gastronomische K\u00f6stlichkeiten haben Sie die M\u00f6glichkeit, Speisen kennenzulernen, die in der Region Pa\u0161man heimisch sind.<\/p><p>Durch alte indigene Gerichte erfahren Sie, wie das Leben in dieser Gegend einst aussah, welche Lebensmittel sie verwendeten und welche Zubereitungsarten die Bewohner kannten, die Vielfalt der Pflanzen- und Tierarten in der Gegend, sowohl im Dorf als auch in den St\u00e4dten kann das Essen eine historische Geschichte und eine kulturelle Geschichte erz\u00e4hlen.<\/p>\t\t\t\t\t\t<\/div>\n\t\t\t\t<\/div>\n\t\t\t\t<\/div>\n\t\t<div class=\"elementor-element elementor-element-7c9e9d0a e-con-full e-flex e-con e-child\" data-id=\"7c9e9d0a\" data-element_type=\"container\" data-settings=\"{&quot;background_background&quot;:&quot;classic&quot;}\" data-e-bg-lazyload=\"\">\n\t\t\t\t<div class=\"elementor-element elementor-element-7d7d008f elementor-widget elementor-widget-spacer\" data-id=\"7d7d008f\" data-element_type=\"widget\" data-widget_type=\"spacer.default\">\n\t\t\t\t<div class=\"elementor-widget-container\">\n\t\t\t\t\t<div class=\"elementor-spacer\">\n\t\t\t<div class=\"elementor-spacer-inner\"><\/div>\n\t\t<\/div>\n\t\t\t\t<\/div>\n\t\t\t\t<\/div>\n\t\t\t\t<\/div>\n\t\t\t\t\t<\/div>\n\t\t\t\t<\/div>\n\t\t<div class=\"elementor-element elementor-element-706e61b2 e-flex e-con-boxed e-con e-parent\" data-id=\"706e61b2\" data-element_type=\"container\" data-core-v316-plus=\"true\">\n\t\t\t\t\t<div class=\"e-con-inner\">\n\t\t<div class=\"elementor-element elementor-element-b47b54a e-con-full e-flex e-con e-child\" data-id=\"b47b54a\" data-element_type=\"container\" data-settings=\"{&quot;background_background&quot;:&quot;classic&quot;}\" data-e-bg-lazyload=\"\">\n\t\t\t\t<\/div>\n\t\t<div class=\"elementor-element elementor-element-7de5395f e-con-full e-flex e-con e-child\" data-id=\"7de5395f\" data-element_type=\"container\" data-settings=\"{&quot;background_background&quot;:&quot;classic&quot;}\">\n\t\t\t\t<div class=\"elementor-element elementor-element-195e64ec elementor-widget elementor-widget-heading\" data-id=\"195e64ec\" data-element_type=\"widget\" data-widget_type=\"heading.default\">\n\t\t\t\t<div class=\"elementor-widget-container\">\n\t\t\t<h3 class=\"elementor-heading-title elementor-size-default\">Das Meer<\/h3>\t\t<\/div>\n\t\t\t\t<\/div>\n\t\t\t\t<div class=\"elementor-element elementor-element-12049ab8 elementor-widget elementor-widget-text-editor\" data-id=\"12049ab8\" data-element_type=\"widget\" data-widget_type=\"text-editor.default\">\n\t\t\t\t<div class=\"elementor-widget-container\">\n\t\t\t\t\t\t\t<p>Alles, was Sie \u00fcber das Meer und die Unterwasserwelt wissen wollen, erfahren Sie erst, wenn Sie in seine Tiefen blicken. Die Natur hat sich gro\u00dfz\u00fcgig und vollst\u00e4ndig um die verschiedenen Arten von Aktivit\u00e4ten gek\u00fcmmert, die Ihnen das ganze Interesse, die malerische Sch\u00f6nheit unerforschter Buchten und die Tiefen der Unterwasserwelt vermitteln werden, und die wirklich eine echte Attraktion sind.<\/p><p>Dieses Gebiet ist ein ideales Ziel f\u00fcr Taucher und alle Liebhaber der Meerestiefen, die so die gro\u00dfartige, aber noch unerforschte Unterwasserflora und -fauna kennenlernen werden.<\/p>\t\t\t\t\t\t<\/div>\n\t\t\t\t<\/div>\n\t\t\t\t<\/div>\n\t\t\t\t\t<\/div>\n\t\t\t\t<\/div>\n\t\t\t\t<\/div>\n\t\t","protected":false},"excerpt":{"rendered":"<p>Reiseziele Pa\u0161man ist eine wundersch\u00f6ne kleine Insel im Herzen des Mittelmeers, die ganze Tradition und indigene Lebensweise bewahrt hat. Lernen Sie die mediterrane Kultur und Br\u00e4uche kennen, vergessen Sie den Alltag, lassen Sie Stress und Sorgen hinter sich und lassen Sie sich von allen Reizen der mediterranen Lebensart verw\u00f6hnen. Die Insel Pa\u0161man Die Insel Pa\u0161man [&hellip;]<\/p>\n","protected":false},"author":1,"featured_media":0,"parent":0,"menu_order":0,"comment_status":"closed","ping_status":"closed","template":"","meta":{"_acf_changed":false,"footnotes":""},"acf":[],"_links":{"self":[{"href":"https:\/\/palms.hr\/de\/wp-json\/wp\/v2\/pages\/2072"}],"collection":[{"href":"https:\/\/palms.hr\/de\/wp-json\/wp\/v2\/pages"}],"about":[{"href":"https:\/\/palms.hr\/de\/wp-json\/wp\/v2\/types\/page"}],"author":[{"embeddable":true,"href":"https:\/\/palms.hr\/de\/wp-json\/wp\/v2\/users\/1"}],"replies":[{"embeddable":true,"href":"https:\/\/palms.hr\/de\/wp-json\/wp\/v2\/comments?post=2072"}],"version-history":[{"count":10,"href":"https:\/\/palms.hr\/de\/wp-json\/wp\/v2\/pages\/2072\/revisions"}],"predecessor-version":[{"id":2504,"href":"https:\/\/palms.hr\/de\/wp-json\/wp\/v2\/pages\/2072\/revisions\/2504"}],"wp:attachment":[{"href":"https:\/\/palms.hr\/de\/wp-json\/wp\/v2\/media?parent=2072"}],"curies":[{"name":"wp","href":"https:\/\/api.w.org\/{rel}","templated":true}]}}